{"id":12,"date":"2016-03-12T16:24:31","date_gmt":"2016-03-12T15:24:31","guid":{"rendered":"http:\/\/web.vdkf-ev.de\/site\/?page_id=12"},"modified":"2022-05-02T16:50:18","modified_gmt":"2022-05-02T14:50:18","slug":"portraet","status":"publish","type":"page","link":"https:\/\/vdkf-ev.de\/web\/site\/","title":{"rendered":"Herzlich Willkommen beim Verein Deutscher Kokerei-Fachleute e.V."},"content":{"rendered":"<p><a href=\"https:\/\/www.vdkf-ev.de\/web\/site\/wp-content\/uploads\/2016\/03\/cropped-Kokerei_Zollverein_Suedseite-Panorama-1024x355-e1459516194326.jpg\"><img loading=\"lazy\" decoding=\"async\" class=\"alignnone size-full wp-image-1092\" src=\"https:\/\/www.vdkf-ev.de\/web\/site\/wp-content\/uploads\/2016\/03\/cropped-Kokerei_Zollverein_Suedseite-Panorama-1024x355-e1459516194326.jpg\" alt=\"\" width=\"461\" height=\"180\" srcset=\"https:\/\/vdkf-ev.de\/web\/site\/wp-content\/uploads\/2016\/03\/cropped-Kokerei_Zollverein_Suedseite-Panorama-1024x355-e1459516194326.jpg 461w, https:\/\/vdkf-ev.de\/web\/site\/wp-content\/uploads\/2016\/03\/cropped-Kokerei_Zollverein_Suedseite-Panorama-1024x355-e1459516194326-300x117.jpg 300w\" sizes=\"(max-width: 461px) 100vw, 461px\" \/><\/a><\/p>\n<p>Ziel des Vereins Deutscher Kokereifachleute e.V. ist die F\u00f6rderung und Weiterentwicklung berufsbezogener Interessen der in der Kokereiwirtschaft besch\u00e4ftigten technischen und kaufm\u00e4nnischen Fachleute, die F\u00f6rderung der Weiterentwicklung von Technik, Wissenschaft und Forschung auf den verschiedenen Gebieten des Kokereiwesens, sowie der Traditionspflege des Berufsstandes der deutschen Kokereifachleute.<\/p>\n<p>Die Gr\u00fcndung des VDKF geht auf die Initiative verschiedener in der Kokereiwirtschaft t\u00e4tiger Pers\u00f6nlichkeiten in den 80-er Jahren zur\u00fcck.<\/p>\n<p>Im Juli 1987 berief Herr <a href=\"https:\/\/www.vdkf-ev.de\/web\/site\/index.php\/dr-ing-gerd-nashan\/\">Dr.-Ing. Gerd Nashan<\/a> als eigentlicher Gr\u00fcndungsvater des Vereins die <a href=\"https:\/\/www.vdkf-ev.de\/web\/site\/index.php\/gruendungsversammlung\/\">Gr\u00fcndungsversammlung<\/a> ein. Mit Beschluss der <a href=\"https:\/\/www.vdkf-ev.de\/web\/site\/index.php\/satzung\/\">Satzung<\/a>, die zwischenzeitlich den aktuellen Erfordernissen angepasst wurde, erfolgte die Gr\u00fcndung des VDKF am 6. August 1987 in Essen und wurde mit Eintrag in das Vereinsregister am 23. November 1987 abgeschlossen. Der Verein ist als Berufsverband i. S. \u00a7 5, Abs. 1, Nr. 5 KStG anerkannt.<\/p>\n<p>Auch zu den Initiatoren des Vereins z\u00e4hlt Herr <a href=\"https:\/\/www.vdkf-ev.de\/web\/site\/index.php\/prof-dr-ing-dietrich-wagener\/\">Prof. Dr.-Ing. Dietrich Wagener<\/a>, der sich auf seine Art in Anlehnung an die Literaturgeschichte Gedanken zur Gr\u00fcndung des Vereins gemacht hatte.<\/p>\n<p><img loading=\"lazy\" decoding=\"async\" class=\"alignleft\" src=\"https:\/\/www.vdkf-ev.de\/upload\/images\/2009_2_3_19_33_2\/image002.jpg\" alt=\"\" width=\"170\" height=\"180\" border=\"0\" \/>Heute z\u00e4hlt der Verein \u00fcber 300 pers\u00f6nliche Mitglieder sowie 17 <a href=\"https:\/\/www.vdkf-ev.de\/web\/site\/index.php\/firmen-unternehmen\/\">Firmenmitglieder<\/a>. Derzeitiger Vorsitzender des VDKF ist Benedikt Kopietz in der <a href=\"https:\/\/www.vdkf-ev.de\/web\/site\/index.php\/vorstaende-und-nachfolge\/\">Nachfolge<\/a> anerkannter Pers\u00f6nlichkeiten des deutschen Kokereiwesens.<\/p>\n<p>Zur Verwirklichung seiner Ziele veranstaltet der Verein Vortrags- und Diskussionsveranstaltungen fachlicher und berufspolitischer Art. Die <a href=\"https:\/\/www.vdkf-ev.de\/web\/site\/index.php\/fachtagung-2\/\">Fachtagung Kokereitechnik<\/a>, die zusammen mit dem Kokereiausschuss und dem Anlagenbau durchgef\u00fchrt wird, findet seit Vereinsgr\u00fcndung allj\u00e4hrlich im Fr\u00fchjahr in Essen statt. Die Veranstaltung ist offen f\u00fcr alle Interessierten. Ein \u00dcberblick \u00fcber die Vielzahl der in den vergangenen Jahren behandelten Themen sind den Informationen \u00fcber fr\u00fchere Fachtagungen im Mitgliederbereich zu entnehmen. Der Verein hat zur besonderen F\u00f6rderung der technischen und wissenschaftlichen Ziele die <a href=\"https:\/\/www.vdkf-ev.de\/web\/site\/index.php\/stiftung-2\/\">Stiftung<\/a> zur F\u00f6rderung des Kokereiwesens in Technik und Wissenschaft gegr\u00fcndet. Die Stiftung verleiht den mit 5000 Euro dotierten F\u00f6rderpreis an junge Ingenieure, Naturwissenschaftler und Betriebswirte, die sich bei der Untersuchung wissenschaftlich-technischer Fragen hervorgetan haben.<\/p>\n<p><img loading=\"lazy\" decoding=\"async\" class=\"alignright\" src=\"https:\/\/www.vdkf-ev.de\/upload\/images\/2009_2_3_19_33_2\/image003.jpg\" alt=\"\" width=\"226\" height=\"160\" border=\"0\" \/>Besondere wissenschaftliche Arbeiten auf dem Gebiet der Kokereitechnik wurden dar\u00fcber hinaus in den Jahren von 1991 bis 2000 von der Stiftung mit dem <a href=\"https:\/\/www.vdkf-ev.de\/web\/site\/index.php\/alfred-pott-preis\/\">Alfred Pott-Preis<\/a> gew\u00fcrdigt. Der ebenfalls mit 5000 Euro dotierte Preis wurde von der Alfred und Cl\u00e4re Pott Stiftung der heutigen E-ON-Ruhrgas AG gef\u00f6rdert. Pers\u00f6nlichkeiten, die sich besondere Verdienste um den Berufsstand der Kokereifachleute erworben oder durch besondere technische oder wissenschaftliche Leistungen auf dem Gebiet des Kokereiwesens hervorgetan haben, bzw. denen die Kokereiwirtschaft au\u00dfergew\u00f6hnliche ideelle oder wirtschaftliche F\u00f6rderung verdankt, ehrt der VDKF mit der Verleihung der\u00a0 <a href=\"https:\/\/www.vdkf-ev.de\/web\/site\/index.php\/koker-medaille-2\/\">Koker-Medaille<\/a>.<\/p>\n<p>Ein besonderer Stellenwert kommt der <a href=\"https:\/\/www.vdkf-ev.de\/web\/site\/index.php\/historikerkreis-2\/\">historischen Aufarbeitung<\/a> der Entwicklung des Kokereiwesens zu, die vom VDKF unterst\u00fctzt wird.<\/p>\n<p>Der Verein ist <a href=\"https:\/\/www.vdkf-ev.de\/web\/site\/index.php\/kontakt\/\">offen<\/a> f\u00fcr alle an der Arbeit und den Zielen des Vereins interessierten Personen und Firmen!<\/p>\n","protected":false},"excerpt":{"rendered":"<p>Ziel des Vereins Deutscher Kokereifachleute e.V. ist die F\u00f6rderung und Weiterentwicklung berufsbezogener Interessen der in der Kokereiwirtschaft besch\u00e4ftigten technischen und kaufm\u00e4nnischen Fachleute, die F\u00f6rderung der Weiterentwicklung von Technik, Wissenschaft und Forschung auf den verschiedenen Gebieten des Kokereiwesens, sowie der Traditionspflege des Berufsstandes der deutschen Kokereifachleute. Die Gr\u00fcndung des VDKF geht auf die Initiative verschiedener in &#8230; <a title=\"Herzlich Willkommen beim Verein Deutscher Kokerei-Fachleute e.V.\" class=\"read-more\" href=\"https:\/\/vdkf-ev.de\/web\/site\/\" aria-label=\"Mehr Informationen \u00fcber Herzlich Willkommen beim Verein Deutscher Kokerei-Fachleute e.V.\">Weiterlesen<\/a><\/p>\n","protected":false},"author":1,"featured_media":0,"parent":0,"menu_order":0,"comment_status":"closed","ping_status":"closed","template":"","meta":{"footnotes":""},"class_list":["post-12","page","type-page","status-publish"],"_links":{"self":[{"href":"https:\/\/vdkf-ev.de\/web\/site\/index.php\/wp-json\/wp\/v2\/pages\/12"}],"collection":[{"href":"https:\/\/vdkf-ev.de\/web\/site\/index.php\/wp-json\/wp\/v2\/pages"}],"about":[{"href":"https:\/\/vdkf-ev.de\/web\/site\/index.php\/wp-json\/wp\/v2\/types\/page"}],"author":[{"embeddable":true,"href":"https:\/\/vdkf-ev.de\/web\/site\/index.php\/wp-json\/wp\/v2\/users\/1"}],"replies":[{"embeddable":true,"href":"https:\/\/vdkf-ev.de\/web\/site\/index.php\/wp-json\/wp\/v2\/comments?post=12"}],"version-history":[{"count":0,"href":"https:\/\/vdkf-ev.de\/web\/site\/index.php\/wp-json\/wp\/v2\/pages\/12\/revisions"}],"wp:attachment":[{"href":"https:\/\/vdkf-ev.de\/web\/site\/index.php\/wp-json\/wp\/v2\/media?parent=12"}],"curies":[{"name":"wp","href":"https:\/\/api.w.org\/{rel}","templated":true}]}}