{"id":1446,"date":"2024-09-23T12:26:29","date_gmt":"2024-09-23T10:26:29","guid":{"rendered":"https:\/\/vdkf-ev.de\/web\/site\/?page_id=1446"},"modified":"2024-11-05T16:18:25","modified_gmt":"2024-11-05T15:18:25","slug":"herbstfest-2024","status":"publish","type":"page","link":"https:\/\/vdkf-ev.de\/web\/site\/index.php\/herbstfest-2024\/","title":{"rendered":"Herbstfest 2024"},"content":{"rendered":"<p>Liebe Kokereinnen und Koker,<\/p>\n<p>liebe Freunde und F\u00f6rderer,<\/p>\n<p>leider sind alle Pl\u00e4tze unseres diesj\u00e4hrigen Herbstfestes durch das enorme Interesse schon vergeben. Sie k\u00f6nnen sich aber gerne per Email an uns wenden, damit wir ggf. freiwerdende Pl\u00e4tze neu vergeben k\u00f6nnen.<\/p>\n<p>Ihr VDKF-Vorstand<\/p>\n","protected":false},"excerpt":{"rendered":"<p>Liebe Kokereinnen und Koker, liebe Freunde und F\u00f6rderer, leider sind alle Pl\u00e4tze unseres diesj\u00e4hrigen Herbstfestes durch das enorme Interesse schon vergeben. Sie k\u00f6nnen sich aber gerne per Email an uns wenden, damit wir ggf. freiwerdende Pl\u00e4tze neu vergeben k\u00f6nnen. Ihr VDKF-Vorstand<\/p>\n","protected":false},"author":1,"featured_media":0,"parent":0,"menu_order":0,"comment_status":"closed","ping_status":"closed","template":"","meta":{"footnotes":""},"class_list":["post-1446","page","type-page","status-publish"],"_links":{"self":[{"href":"https:\/\/vdkf-ev.de\/web\/site\/index.php\/wp-json\/wp\/v2\/pages\/1446"}],"collection":[{"href":"https:\/\/vdkf-ev.de\/web\/site\/index.php\/wp-json\/wp\/v2\/pages"}],"about":[{"href":"https:\/\/vdkf-ev.de\/web\/site\/index.php\/wp-json\/wp\/v2\/types\/page"}],"author":[{"embeddable":true,"href":"https:\/\/vdkf-ev.de\/web\/site\/index.php\/wp-json\/wp\/v2\/users\/1"}],"replies":[{"embeddable":true,"href":"https:\/\/vdkf-ev.de\/web\/site\/index.php\/wp-json\/wp\/v2\/comments?post=1446"}],"version-history":[{"count":9,"href":"https:\/\/vdkf-ev.de\/web\/site\/index.php\/wp-json\/wp\/v2\/pages\/1446\/revisions"}],"predecessor-version":[{"id":1475,"href":"https:\/\/vdkf-ev.de\/web\/site\/index.php\/wp-json\/wp\/v2\/pages\/1446\/revisions\/1475"}],"wp:attachment":[{"href":"https:\/\/vdkf-ev.de\/web\/site\/index.php\/wp-json\/wp\/v2\/media?parent=1446"}],"curies":[{"name":"wp","href":"https:\/\/api.w.org\/{rel}","templated":true}]}}