{"id":1545,"date":"2025-09-03T15:21:57","date_gmt":"2025-09-03T13:21:57","guid":{"rendered":"https:\/\/vdkf-ev.de\/web\/site\/?page_id=1545"},"modified":"2025-10-14T20:41:32","modified_gmt":"2025-10-14T18:41:32","slug":"herbstfest-2025","status":"publish","type":"page","link":"https:\/\/vdkf-ev.de\/web\/site\/index.php\/herbstfest-2025\/","title":{"rendered":"Herbstfest 2025"},"content":{"rendered":"<hr \/>\n<p><strong>Einladung zum Herbstfest des Vereins Deutscher Kokereifachleute e.V. (VDKF e.V.)<\/strong><\/p>\n<p><strong>Liebe Mitglieder, Freunde und F\u00f6rderer des VDKF, <\/strong><\/p>\n<p><strong>liebe Kokerinnen und Koker,<\/strong><\/p>\n<p>es ist wieder soweit \u2013 unser Herbstfest steht vor der T\u00fcr. Wir laden Sie herzlich ein, am <strong>30. Oktober 2025 in Duisburg<\/strong> gemeinsam mit uns zu feiern und die Verbundenheit unserer Gemeinschaft zu zelebrieren.<\/p>\n<p><strong>Ein besonderes Erlebnis:<\/strong><\/p>\n<p>Wir treffen uns um <strong>15:00 Uhr im <span style=\"color: #993300;\"><a style=\"color: #993300;\" href=\"https:\/\/www.binnenschifffahrtsmuseum.de\/\">Museum der Deutschen Binnenschifffahrt<\/a><\/span><\/strong>. Das traditionsreiche Haus in einem ehemaligen Jugendstil-Hallenbad ist eines der gr\u00f6\u00dften Binnenschifffahrtsmuseen Europas. Es bietet faszinierende Einblicke in die Welt der Wasserwege, von historischen Lastk\u00e4hnen und Schleppern bis hin zu Modellen, Dioramen und interaktiven Ausstellungen. Die Sammlung zeigt eindrucksvoll, wie wichtig die Schifffahrt f\u00fcr Duisburg und den gesamten europ\u00e4ischen Handel war und ist.<\/p>\n<p>Die F\u00fchrung dauert bis maximal <strong>17:30 Uhr<\/strong> und wird uns spannende Einblicke in Technik, Geschichte und Kultur rund um die Binnenschifffahrt geben.<\/p>\n<p><strong>Ort des Treffens:<\/strong><br \/>\nMuseum der Deutschen Binnenschifffahrt<br \/>\nApostelstra\u00dfe 84<br \/>\n47119 Duisburg<\/p>\n<p>&nbsp;<\/p>\n<p><strong>Kulinarischer Ausklang:<\/strong><\/p>\n<p>Ab <strong>18:00 Uhr<\/strong> werden wir im <span style=\"color: #993300;\"><a style=\"color: #993300;\" href=\"https:\/\/www.wirtshaus-duisburg.de\/\"><strong>Grafschafter Wirtshaus<\/strong><\/a><\/span> erwartet. Das Wirtshaus liegt im Herzen des Duisburger Innenhafens und ist f\u00fcr seine regionale K\u00fcche und seine herzliche Atmosph\u00e4re bekannt. Hier genie\u00dfen wir gemeinsam ein k\u00f6stliches Abendessen mit Spezialit\u00e4ten aus der Region \u2013 vom deftigen Klassiker bis hin zu modernen Kreationen. Der stimmungsvolle Blick auf den Hafen bildet den perfekten Rahmen f\u00fcr gesellige Gespr\u00e4che und einen entspannten Ausklang des Abends.<\/p>\n<p><strong>Ort des Treffens:<\/strong><br \/>\nWirtshaus Duisburg<br \/>\nPhilosophenweg 33<br \/>\n47051 Duisburg<\/p>\n<p><strong>Anmeldung:<\/strong><br \/>\nDie Anmeldung ist ab sofort ge\u00f6ffnet und l\u00e4uft bis zum <strong>13. Oktober 2025<\/strong>. Wir freuen uns \u00fcber zahlreiche Anmeldungen, denn Ihr Kommen ist das Herzst\u00fcck dieses Festes.<\/p>\n<p>Wir freuen uns sehr darauf, gemeinsam mit Ihnen einen unvergesslichen Abend zu verbringen. Lassen Sie uns die Leidenschaft f\u00fcr unseren Beruf und die Freude an der Gemeinschaft feiern.<\/p>\n<p><strong>\u00a0<\/strong><\/p>\n<p><strong>Mit freundlichem Gl\u00fcckauf<\/strong><br \/>\nIhr Vorstand des VDKF e.V.<\/p>\n","protected":false},"excerpt":{"rendered":"<p>Einladung zum Herbstfest des Vereins Deutscher Kokereifachleute e.V. (VDKF e.V.) Liebe Mitglieder, Freunde und F\u00f6rderer des VDKF, liebe Kokerinnen und Koker, es ist wieder soweit \u2013 unser Herbstfest steht vor der T\u00fcr. Wir laden Sie herzlich ein, am 30. Oktober 2025 in Duisburg gemeinsam mit uns zu feiern und die Verbundenheit unserer Gemeinschaft zu zelebrieren. &#8230; <a title=\"Herbstfest 2025\" class=\"read-more\" href=\"https:\/\/vdkf-ev.de\/web\/site\/index.php\/herbstfest-2025\/\" aria-label=\"Mehr Informationen \u00fcber Herbstfest 2025\">Weiterlesen<\/a><\/p>\n","protected":false},"author":1,"featured_media":0,"parent":0,"menu_order":0,"comment_status":"closed","ping_status":"closed","template":"","meta":{"footnotes":""},"class_list":["post-1545","page","type-page","status-publish"],"_links":{"self":[{"href":"https:\/\/vdkf-ev.de\/web\/site\/index.php\/wp-json\/wp\/v2\/pages\/1545"}],"collection":[{"href":"https:\/\/vdkf-ev.de\/web\/site\/index.php\/wp-json\/wp\/v2\/pages"}],"about":[{"href":"https:\/\/vdkf-ev.de\/web\/site\/index.php\/wp-json\/wp\/v2\/types\/page"}],"author":[{"embeddable":true,"href":"https:\/\/vdkf-ev.de\/web\/site\/index.php\/wp-json\/wp\/v2\/users\/1"}],"replies":[{"embeddable":true,"href":"https:\/\/vdkf-ev.de\/web\/site\/index.php\/wp-json\/wp\/v2\/comments?post=1545"}],"version-history":[{"count":4,"href":"https:\/\/vdkf-ev.de\/web\/site\/index.php\/wp-json\/wp\/v2\/pages\/1545\/revisions"}],"predecessor-version":[{"id":1557,"href":"https:\/\/vdkf-ev.de\/web\/site\/index.php\/wp-json\/wp\/v2\/pages\/1545\/revisions\/1557"}],"wp:attachment":[{"href":"https:\/\/vdkf-ev.de\/web\/site\/index.php\/wp-json\/wp\/v2\/media?parent=1545"}],"curies":[{"name":"wp","href":"https:\/\/api.w.org\/{rel}","templated":true}]}}