{"id":224,"date":"2015-02-02T10:39:37","date_gmt":"2015-02-02T10:39:37","guid":{"rendered":"http:\/\/cms.vdkf-ev.de\/cms\/?page_id=13"},"modified":"2024-10-01T06:54:18","modified_gmt":"2024-10-01T04:54:18","slug":"kontakt","status":"publish","type":"page","link":"https:\/\/vdkf-ev.de\/web\/site\/index.php\/kontakt\/","title":{"rendered":"Kontakt"},"content":{"rendered":"<p align=\"justify\"><span style=\"font-family: Arial; font-size: small;\"><strong>Beitritt zum VDKF e.V.<br \/>\n<\/strong><\/span><span style=\"font-family: Arial;\"><span style=\"font-size: small;\">Die ordentliche Mitgliedschaft ist offen f\u00fcr den unter \u00a7 4, Absatz\u00a02 der aktuellen <a href=\"https:\/\/www.vdkf-ev.de\/web\/site\/index.php\/satzung\/\" target=\"_blank\" rel=\"noopener noreferrer\">Satzung<\/a><\/span><span style=\"font-size: small;\"> genannten Personenkreis. Eine au\u00dferordentliche Mitgliedschaft ist m\u00f6glich f\u00fcr alle an der Arbeit und den Zielen des Vereins interessierten nat\u00fcrlichen und juristischen Personen (\u00a7 4, Absatz 3 der <a href=\"https:\/\/www.vdkf-ev.de\/web\/site\/index.php\/satzung\/\" target=\"_blank\" rel=\"noopener noreferrer\">Satzung<\/a>).<br \/>\n<\/span><\/span><span style=\"font-family: Arial;\"><span style=\"font-size: small;\">Aufnahmeantr\u00e4ge f\u00fcr den <a href=\"https:\/\/www.vdkf-ev.de\/web\/site\/wp-content\/uploads\/2022\/03\/20190715_Beitrittserklaerung_HKM.pdf\">Beitritt<\/a><\/span><span style=\"font-size: small;\">\u00a0<\/span><span style=\"font-size: small;\">sind an den Vorstand zu richten. Es gilt die <a href=\"https:\/\/www.vdkf-ev.de\/web\/site\/wp-content\/uploads\/2016\/04\/Beitragsordnung-12-05-06.pdf\" target=\"_blank\" rel=\"noopener noreferrer\">Beitragsordnung<\/a><\/span><span style=\"font-size: small;\">\u00a0vom 12.05.2006. Der Verein ist als <\/span><a href=\"https:\/\/www.vdkf-ev.de\/web\/site\/wp-content\/uploads\/2016\/04\/Steuerbefreiung.pdf\" target=\"_blank\" rel=\"noopener noreferrer\"><span style=\"font-size: small;\">Berufsverband<\/span><\/a><span style=\"font-size: small;\"> i. S. \u00a7 5, Abs. 1, Nr. 5 KStG anerkannt.<\/span><\/span><\/p>\n<pre><strong>Allgemeiner Kontakt:\r\n\r\n<\/strong><\/pre>\n<p align=\"justify\"><strong>Verein Deutscher Kokereifachleute e.V.<\/p>\n<p>VDKF e.V.<br \/>\nc\/o Atelier Thiele<br \/>\nAuf dem Damm 112<br \/>\n47137 Duisburg<br \/>\nVorsitzender: Benedikt Kopietz<\/strong><\/p>\n<p align=\"justify\"><strong><a href=\"mailto:mail@vdkf-ev.de\">mail@vdkf-ev.de<\/a><\/strong><\/p>\n<p>&nbsp;<\/p>\n<pre><\/pre>\n","protected":false},"excerpt":{"rendered":"<p>Beitritt zum VDKF e.V. Die ordentliche Mitgliedschaft ist offen f\u00fcr den unter \u00a7 4, Absatz\u00a02 der aktuellen Satzung genannten Personenkreis. Eine au\u00dferordentliche Mitgliedschaft ist m\u00f6glich f\u00fcr alle an der Arbeit und den Zielen des Vereins interessierten nat\u00fcrlichen und juristischen Personen (\u00a7 4, Absatz 3 der Satzung). Aufnahmeantr\u00e4ge f\u00fcr den Beitritt\u00a0sind an den Vorstand zu richten. &#8230; <a title=\"Kontakt\" class=\"read-more\" href=\"https:\/\/vdkf-ev.de\/web\/site\/index.php\/kontakt\/\" aria-label=\"Mehr Informationen \u00fcber Kontakt\">Weiterlesen<\/a><\/p>\n","protected":false},"author":1,"featured_media":0,"parent":0,"menu_order":0,"comment_status":"closed","ping_status":"open","template":"","meta":{"footnotes":""},"class_list":["post-224","page","type-page","status-publish"],"_links":{"self":[{"href":"https:\/\/vdkf-ev.de\/web\/site\/index.php\/wp-json\/wp\/v2\/pages\/224"}],"collection":[{"href":"https:\/\/vdkf-ev.de\/web\/site\/index.php\/wp-json\/wp\/v2\/pages"}],"about":[{"href":"https:\/\/vdkf-ev.de\/web\/site\/index.php\/wp-json\/wp\/v2\/types\/page"}],"author":[{"embeddable":true,"href":"https:\/\/vdkf-ev.de\/web\/site\/index.php\/wp-json\/wp\/v2\/users\/1"}],"replies":[{"embeddable":true,"href":"https:\/\/vdkf-ev.de\/web\/site\/index.php\/wp-json\/wp\/v2\/comments?post=224"}],"version-history":[{"count":3,"href":"https:\/\/vdkf-ev.de\/web\/site\/index.php\/wp-json\/wp\/v2\/pages\/224\/revisions"}],"predecessor-version":[{"id":1457,"href":"https:\/\/vdkf-ev.de\/web\/site\/index.php\/wp-json\/wp\/v2\/pages\/224\/revisions\/1457"}],"wp:attachment":[{"href":"https:\/\/vdkf-ev.de\/web\/site\/index.php\/wp-json\/wp\/v2\/media?parent=224"}],"curies":[{"name":"wp","href":"https:\/\/api.w.org\/{rel}","templated":true}]}}