{"id":225,"date":"2015-02-02T10:40:03","date_gmt":"2015-02-02T10:40:03","guid":{"rendered":"http:\/\/cms.vdkf-ev.de\/cms\/?page_id=15"},"modified":"2024-10-01T06:53:15","modified_gmt":"2024-10-01T04:53:15","slug":"impressum","status":"publish","type":"page","link":"https:\/\/vdkf-ev.de\/web\/site\/index.php\/impressum\/","title":{"rendered":"Impressum"},"content":{"rendered":"<p align=\"justify\"><span style=\"font-family: Arial; font-size: small;\">Der VDKF e.V. bem\u00fcht sich, dass die auf seiner Web-Site enthaltenen Informationen und Daten zutreffend sind. Eine Haftung oder Garantie f\u00fcr die Richtigkeit, Vollst\u00e4ndigkeit und Aktualit\u00e4t der bereitgestellten Informationen ist jedoch ausgeschlossen.<br \/>\n<\/span><span style=\"font-family: Arial; font-size: small;\">Die ver\u00f6ffentlichten Links wurden mit gr\u00f6\u00dftm\u00f6glicher Sorgfalt recherchiert und zusammengestelt. Der VDKF e.V. hat keinen Einfluss auf die Gestaltung und die Inhalte der verlinkten Web-Sites und ist hierf\u00fcr nicht verantwortlich.<br \/>\nDer Verein ist unter der Nr. 3079 im Vereinsregister beim Amtsgericht Essen eingetragen.<br \/>\n<\/span><span style=\"font-family: Arial;\"><br \/>\n<strong><span style=\"font-size: small;\">Verein Deutscher Kokereifachleute e.V.<br \/>\nc\/o Atelier Thiele<br \/>\nAuf dem Damm 112<br \/>\n47137 Duisburg<br \/>\nVorsitzender: Benedikt Kopietz <\/span><\/strong><\/span><\/p>\n<p align=\"justify\"><a href=\"mailto:mail@vdkf-ev.de\"><span style=\"font-family: Arial;\"><strong><span style=\"font-size: small;\">mail@vdkf-ev.de<\/span><\/strong><\/span><\/a><\/p>\n<p><span style=\"font-family: Arial;\"><strong><span style=\"font-size: small;\">Verantwortlich f\u00fcr den Inhalt der Web-Site:<br \/>\nC. Kanty<\/span><\/strong><\/span><\/p>\n<p><a href=\"mailto:mail@vdkf-ev.de\"><span style=\"font-family: Arial;\"><strong><span style=\"font-size: small;\">mail@vdkf-ev.de<\/span><\/strong><\/span><\/a><\/p>\n<p>&nbsp;<\/p>\n<p>&nbsp;<\/p>\n<p>&nbsp;<\/p>\n<p>&nbsp;<\/p>\n<p><span style=\"text-decoration: underline;\"><strong>Bildnachweise:<\/strong><\/span><\/p>\n<p>&nbsp;<\/p>\n<p>Startslider:<\/p>\n<p>Ansicht Bibliothek:<\/p>\n<p>Das verwendete Bild entstammt: <a href=\"https:\/\/commons.wikimedia.org\/wiki\/File:ILR_Bibliothek.JPG?uselang=de\">https:\/\/commons.wikimedia.org\/wiki\/File:ILR_Bibliothek.JPG?uselang=de<\/a><\/p>\n<table class=\"fileinfotpl-type-information toccolours vevent mw-content-ltr\" cellpadding=\"4\">\n<tbody>\n<tr>\n<td id=\"fileinfotpl_desc\" class=\"fileinfo-paramfield\" lang=\"de\">Beschreibung<\/td>\n<td class=\"description\">\n<div class=\"description mw-content-ltr en\" dir=\"ltr\" lang=\"en\"><span class=\"language en\" title=\"\"><b>English:<\/b><\/span> Library of the ILR<\/div>\n<\/td>\n<\/tr>\n<tr>\n<td id=\"fileinfotpl_date\" class=\"fileinfo-paramfield\" lang=\"de\">Datum<\/td>\n<td lang=\"de\"><time class=\"dtstart\" datetime=\"2002-01-01 00:02:51\">1. Januar 2002, 00:02:51<\/time><\/td>\n<\/tr>\n<tr>\n<td id=\"fileinfotpl_src\" class=\"fileinfo-paramfield\" lang=\"de\">Quelle<\/td>\n<td><span class=\"int-own-work\" lang=\"de\">Eigenes Werk des Urhebers<br \/>\n<\/span><\/td>\n<\/tr>\n<tr>\n<td id=\"fileinfotpl_aut\" class=\"fileinfo-paramfield\" lang=\"de\">Urheber<\/td>\n<td>(c) ILR G\u00f6ttingen<\/td>\n<\/tr>\n<\/tbody>\n<\/table>\n<p>Diese Datei ist lizenziert unter der <a class=\"extiw\" title=\"w:de:Creative Commons\" href=\"https:\/\/en.wikipedia.org\/wiki\/de:Creative_Commons\">Creative-Commons<\/a>-Lizenz <a title=\"Category:CC-BY-SA-4.0\" href=\"https:\/\/commons.wikimedia.org\/wiki\/Category:CC-BY-SA-4.0\">\u201eNamensnennung \u2013 Weitergabe unter gleichen Bedingungen 4.0 international\u201c.<\/a> <a title=\"Category:CC-BY-SA-4.0\" href=\"http:\/\/creativecommons.org\/licenses\/by-sa\/4.0\/\">CC-BY-SA-4.0<\/a><\/p>\n<p>Ansicht Kokerei Zollverein:<\/p>\n<p>Das verwendete Bild entstammt: <a href=\"https:\/\/commons.wikimedia.org\/wiki\/File:Kokerei_Zollverein_%28S%C3%BCdseite-Panorama%29.jpg\">https:\/\/commons.wikimedia.org\/wiki\/File:Kokerei_Zollverein_%28S%C3%BCdseite-Panorama%29.jpg<\/a><\/p>\n<table class=\"fileinfotpl-type-information toccolours vevent mw-content-ltr\" cellpadding=\"4\">\n<tbody>\n<tr>\n<td id=\"fileinfotpl_desc\" class=\"fileinfo-paramfield\" lang=\"en\">Description<\/td>\n<td class=\"description\">\n<div class=\"description mw-content-ltr de\" dir=\"ltr\" lang=\"de\"><span class=\"language de\" title=\"Deutsch\"><b>Deutsch:<\/b><\/span> Kokerei Zollverein (S\u00fcdseite-Panorama)<\/div>\n<\/td>\n<\/tr>\n<tr>\n<td id=\"fileinfotpl_date\" class=\"fileinfo-paramfield\" lang=\"en\">Date<\/td>\n<td lang=\"en\"><time class=\"dtstart\" datetime=\"2011-09-25\">25 September 2011<\/time><\/td>\n<\/tr>\n<tr>\n<td id=\"fileinfotpl_src\" class=\"fileinfo-paramfield\" lang=\"en\">Source<\/td>\n<td><span class=\"int-own-work\" lang=\"en\">Own work des Urhebers<br \/>\n<\/span><\/td>\n<\/tr>\n<tr>\n<td id=\"fileinfotpl_aut\" class=\"fileinfo-paramfield\" lang=\"en\">Author<\/td>\n<td>(c) Dominik Wesche<\/td>\n<\/tr>\n<\/tbody>\n<\/table>\n<p>Diese Datei ist unter der\u00a0 <a class=\"extiw\" title=\"w:en:Creative Commons\" href=\"https:\/\/en.wikipedia.org\/wiki\/en:Creative_Commons\">Creative Commons<\/a> <a class=\"external text\" href=\"https:\/\/creativecommons.org\/licenses\/by-sa\/3.0\/deed.en\" rel=\"nofollow\">Attribution-Share Alike 3.0 Unported<\/a> license. <a title=\"Category:CC-BY-SA-3.0\" href=\"https:\/\/commons.wikimedia.org\/wiki\/Category:CC-BY-SA-3.0\">CC-BY-SA-3.0.<\/a><\/p>\n<p>Bild Aktuelles Zeche Zollern:<\/p>\n<div id=\"mw-imagepage-content\" class=\"mw-content-ltr\" dir=\"ltr\" lang=\"en\">\n<table class=\"toccolours mw-content-en layouttemplate commons-file-information-table\" lang=\"en\" cellpadding=\"2\">\n<tbody>\n<tr>\n<th class=\"type fileinfo-paramfield\">Camera location<\/th>\n<td><span class=\"plainlinksneverexpand\"><img decoding=\"async\" class=\"wmamapbutton noprint\" title=\"Show location on an interactive map\" src=\"https:\/\/upload.wikimedia.org\/wikipedia\/commons\/thumb\/5\/55\/WMA_button2b.png\/17px-WMA_button2b.png\" alt=\"\" \/><a class=\"external text\" href=\"https:\/\/tools.wmflabs.org\/geohack\/geohack.php?pagename=File%3AZeche-Zollern_2157.JPG&amp;params=051.518500_N_0007.333861_E_globe:Earth_type:camera_heading:SEbE_region:DE-NW&amp;language=en\">51\u00b0\u00a031\u2032\u00a006.6\u2033\u00a0N, 7\u00b0\u00a020\u2032\u00a001.9\u2033\u00a0E<\/a><\/span>\u00a0\u00a0<span title=\"123.75\u00b0\"><img loading=\"lazy\" decoding=\"async\" src=\"https:\/\/upload.wikimedia.org\/wikipedia\/commons\/thumb\/1\/15\/Compass-icon_bb_SEbE.svg\/25px-Compass-icon_bb_SEbE.svg.png\" srcset=\"https:\/\/upload.wikimedia.org\/wikipedia\/commons\/thumb\/1\/15\/Compass-icon_bb_SEbE.svg\/38px-Compass-icon_bb_SEbE.svg.png 1.5x, https:\/\/upload.wikimedia.org\/wikipedia\/commons\/thumb\/1\/15\/Compass-icon_bb_SEbE.svg\/50px-Compass-icon_bb_SEbE.svg.png 2x\" alt=\"123.75\u00b0\" width=\"25\" height=\"30\" data-file-width=\"1600\" data-file-height=\"1900\" \/><\/span><\/td>\n<td>View this and other nearby images on: <a class=\"external text\" href=\"https:\/\/tools.wmflabs.org\/wiwosm\/osm-on-ol\/commons-on-osm.php?zoom=16&amp;lat=051.518500&amp;lon=0007.333861\">OpenStreetMap<\/a> &#8211; <a class=\"external text\" href=\"https:\/\/tools.wmflabs.org\/geocommons\/earth.kml?latdegdec=051.518500&amp;londegdec=0007.333861&amp;scale=10000&amp;commons=1\">Google Earth<\/a><\/td>\n<td><a title=\"Commons:Geocoding\" href=\"https:\/\/commons.wikimedia.org\/wiki\/Commons:Geocoding\"><img loading=\"lazy\" decoding=\"async\" src=\"https:\/\/upload.wikimedia.org\/wikipedia\/commons\/thumb\/1\/18\/Circle-information.svg\/18px-Circle-information.svg.png\" srcset=\"https:\/\/upload.wikimedia.org\/wikipedia\/commons\/thumb\/1\/18\/Circle-information.svg\/27px-Circle-information.svg.png 1.5x, https:\/\/upload.wikimedia.org\/wikipedia\/commons\/thumb\/1\/18\/Circle-information.svg\/36px-Circle-information.svg.png 2x\" alt=\"info\" width=\"18\" height=\"18\" data-file-width=\"225\" data-file-height=\"225\" \/><\/a><\/td>\n<\/tr>\n<\/tbody>\n<\/table>\n<div class=\"hproduct commons-file-information-table\">\n<table class=\"fileinfotpl-type-information toccolours vevent mw-content-ltr\" cellpadding=\"4\">\n<tbody>\n<tr>\n<td id=\"fileinfotpl_desc\" class=\"fileinfo-paramfield\" lang=\"en\">Description<\/td>\n<td class=\"description\">\n<div class=\"description mw-content-ltr de\" dir=\"ltr\" lang=\"de\"><span class=\"language de\" title=\"Deutsch\"><b>Deutsch:<\/b><\/span> Zeche \u201eZollern II\/IV\u201c in <a title=\"Dortmund\" href=\"https:\/\/commons.wikimedia.org\/wiki\/Dortmund\">Dortmund<\/a>, <a class=\"extiw\" title=\"de:Dortmund-B\u00f6vinghausen\" href=\"https:\/\/de.wikipedia.org\/wiki\/Dortmund-B%C3%B6vinghausen\">Dortmund-B\u00f6vinghausen<\/a>; <a class=\"extiw\" title=\"de:Zeche Zollern\" href=\"https:\/\/de.wikipedia.org\/wiki\/Zeche_Zollern\">Zeche Zollern<\/a>, Detail<\/div>\n<div class=\"description mw-content-ltr en\" dir=\"ltr\" lang=\"en\"><span class=\"language en\" title=\"\"><b>English:<\/b><\/span> coal-mine &#8222;Zollern II\/IV&#8220; in <a title=\"Dortmund\" href=\"https:\/\/commons.wikimedia.org\/wiki\/Dortmund\">Dortmund<\/a>, detail<\/div>\n<\/td>\n<\/tr>\n<tr>\n<td id=\"fileinfotpl_date\" class=\"fileinfo-paramfield\" lang=\"en\">Date<\/td>\n<td lang=\"en\"><time class=\"dtstart\" datetime=\"2008-09\">September 2008<\/time><\/td>\n<\/tr>\n<tr>\n<td id=\"fileinfotpl_src\" class=\"fileinfo-paramfield\" lang=\"en\">Source<\/td>\n<td><span class=\"int-own-work\" lang=\"en\">Own work<\/span><\/td>\n<\/tr>\n<tr>\n<td id=\"fileinfotpl_aut\" class=\"fileinfo-paramfield\" lang=\"en\">Author<\/td>\n<td><a title=\"User:Mbdortmund\" href=\"https:\/\/commons.wikimedia.org\/wiki\/User:Mbdortmund\">Mbdortmund<\/a><\/td>\n<\/tr>\n<\/tbody>\n<\/table>\n<\/div>\n<table class=\"layouttemplate licensetpl\" lang=\"en\" cellspacing=\"8\" cellpadding=\"0\">\n<tbody>\n<tr>\n<td><img loading=\"lazy\" decoding=\"async\" title=\"GNU head\" src=\"https:\/\/upload.wikimedia.org\/wikipedia\/commons\/thumb\/2\/22\/Heckert_GNU_white.svg\/64px-Heckert_GNU_white.svg.png\" srcset=\"https:\/\/upload.wikimedia.org\/wikipedia\/commons\/thumb\/2\/22\/Heckert_GNU_white.svg\/96px-Heckert_GNU_white.svg.png 1.5x, https:\/\/upload.wikimedia.org\/wikipedia\/commons\/thumb\/2\/22\/Heckert_GNU_white.svg\/128px-Heckert_GNU_white.svg.png 2x\" alt=\"GNU head\" width=\"64\" height=\"63\" data-file-width=\"535\" data-file-height=\"523\" \/><\/td>\n<td>Permission is granted to copy, distribute and\/or modify this document under the terms of the <b><a class=\"extiw\" title=\"w:en:GNU Free Documentation License\" href=\"https:\/\/en.wikipedia.org\/wiki\/en:GNU_Free_Documentation_License\">GNU Free Documentation License<\/a><\/b>, Version 1.2 only as published by the <a class=\"extiw\" title=\"w:en:Free Software Foundation\" href=\"https:\/\/en.wikipedia.org\/wiki\/en:Free_Software_Foundation\">Free Software Foundation<\/a>; with no Invariant Sections, no Front-Cover Texts, and no Back-Cover Texts. A copy of the license is included in the section entitled <i><a title=\"Commons:GNU Free Documentation License, version 1.2\" href=\"https:\/\/commons.wikimedia.org\/wiki\/Commons:GNU_Free_Documentation_License,_version_1.2\">GNU Free Documentation License<\/a><\/i>.<\/td>\n<td>1.2\u00a0only<\/td>\n<\/tr>\n<\/tbody>\n<\/table>\n<\/div>\n<div id=\"mw-imagepage-section-filehistory\">\n<table class=\"wikitable filehistory\">\n<tbody>\n<tr>\n<th><\/th>\n<th><\/th>\n<th><\/th>\n<th><\/th>\n<th><\/th>\n<th><\/th>\n<\/tr>\n<\/tbody>\n<\/table>\n<\/div>\n<p>[gzd_complaints]<\/p>\n","protected":false},"excerpt":{"rendered":"<p>Der VDKF e.V. bem\u00fcht sich, dass die auf seiner Web-Site enthaltenen Informationen und Daten zutreffend sind. Eine Haftung oder Garantie f\u00fcr die Richtigkeit, Vollst\u00e4ndigkeit und Aktualit\u00e4t der bereitgestellten Informationen ist jedoch ausgeschlossen. Die ver\u00f6ffentlichten Links wurden mit gr\u00f6\u00dftm\u00f6glicher Sorgfalt recherchiert und zusammengestelt. Der VDKF e.V. hat keinen Einfluss auf die Gestaltung und die Inhalte der &#8230; <a title=\"Impressum\" class=\"read-more\" href=\"https:\/\/vdkf-ev.de\/web\/site\/index.php\/impressum\/\" aria-label=\"Mehr Informationen \u00fcber Impressum\">Weiterlesen<\/a><\/p>\n","protected":false},"author":1,"featured_media":0,"parent":0,"menu_order":0,"comment_status":"closed","ping_status":"open","template":"","meta":{"footnotes":""},"class_list":["post-225","page","type-page","status-publish"],"_links":{"self":[{"href":"https:\/\/vdkf-ev.de\/web\/site\/index.php\/wp-json\/wp\/v2\/pages\/225"}],"collection":[{"href":"https:\/\/vdkf-ev.de\/web\/site\/index.php\/wp-json\/wp\/v2\/pages"}],"about":[{"href":"https:\/\/vdkf-ev.de\/web\/site\/index.php\/wp-json\/wp\/v2\/types\/page"}],"author":[{"embeddable":true,"href":"https:\/\/vdkf-ev.de\/web\/site\/index.php\/wp-json\/wp\/v2\/users\/1"}],"replies":[{"embeddable":true,"href":"https:\/\/vdkf-ev.de\/web\/site\/index.php\/wp-json\/wp\/v2\/comments?post=225"}],"version-history":[{"count":6,"href":"https:\/\/vdkf-ev.de\/web\/site\/index.php\/wp-json\/wp\/v2\/pages\/225\/revisions"}],"predecessor-version":[{"id":1456,"href":"https:\/\/vdkf-ev.de\/web\/site\/index.php\/wp-json\/wp\/v2\/pages\/225\/revisions\/1456"}],"wp:attachment":[{"href":"https:\/\/vdkf-ev.de\/web\/site\/index.php\/wp-json\/wp\/v2\/media?parent=225"}],"curies":[{"name":"wp","href":"https:\/\/api.w.org\/{rel}","templated":true}]}}