{"id":31,"date":"2015-02-02T10:44:55","date_gmt":"2015-02-02T10:44:55","guid":{"rendered":"http:\/\/cms.vdkf-ev.de\/cms\/?page_id=31"},"modified":"2019-06-25T10:46:11","modified_gmt":"2019-06-25T08:46:11","slug":"der-verein","status":"publish","type":"page","link":"https:\/\/vdkf-ev.de\/web\/site\/index.php\/der-verein\/","title":{"rendered":"Der Verein"},"content":{"rendered":"<ul>\n<li>Der VDKF e.V. hat zur Zeit 300 pers\u00f6nliche Mitglieder und\u00a017 Firmenmitglieder.<\/li>\n<li>Die Mitgliederversammlung ist das beschlie\u00dfende Organ des Vereins.<\/li>\n<li>Der <a href=\"https:\/\/www.vdkf-ev.de\/web\/site\/index.php\/vorstand\/\">Vorstand<\/a> des VDKF e.V. besteht aus 7 Personen, die von der Mitgliederversammlung f\u00fcr 2 Jahre gew\u00e4hlt werden. Eine Wiederwahl ist m\u00f6glich.<\/li>\n<li>Der Verein hat zur besonderen F\u00f6rderung der technischen und wissenschaftlichen Ziele die <a href=\"https:\/\/www.vdkf-ev.de\/web\/site\/index.php\/stiftung-2\/\">Stiftung<\/a>\u00a0zur F\u00f6rderung des Koker-eiwesens in Technik und Wissenschaft gegr\u00fcndet.<\/li>\n<li>Der <a href=\"https:\/\/www.vdkf-ev.de\/web\/site\/index.php\/vorstand-stiftung-2\/\">Vorstand der Stiftung<\/a>\u00a0besteht aus mindestens 3, maximal 5 Mitgliedern. Die Amtszeit des Vorstands\u00a0 betr\u00e4gt 4 Jahre.<\/li>\n<li>Das <a href=\"https:\/\/www.vdkf-ev.de\/web\/site\/index.php\/kuratorium-der-stiftung-zur-foerderung-des-kokereiwesensin-technik-und-wissenschaft\/\">Kuratorium<\/a> besteht aus bis zu 12 Mitgliedern. Sie\u00a0 werden f\u00fcr eine Dauer von 5 Jahren vom Vorstand des VDKF berufen. Das Kuratorium ernennt den Vorstand der <a href=\"https:\/\/www.vdkf-ev.de\/web\/site\/index.php\/vorstand-stiftung-2\/\">Stiftung<\/a>.<\/li>\n<li>Der Vorstand des VDKF ernennt die Mitglieder der <a href=\"https:\/\/www.vdkf-ev.de\/web\/site\/index.php\/jury-zur-vergabe-der-koker-medaille-des-vereins-deutscher-kokereifachleute-e-v\/\">Jury<\/a> zur Vergabe der Koker-Medaille. Die Jury besitzt 1 Vorsitzenden und 4 weitere Mitglieder.<\/li>\n<li>Der <a href=\"https:\/\/www.vdkf-ev.de\/web\/site\/index.php\/historikerkreis-2\/\">Historikerkreis<\/a> ist ein Zusammenschluss von VDKF-Mitgliedern, die sich im Rahmen von Projekten mit der Geschichte der Kokereitechnik befassen.<\/li>\n<\/ul>\n<p>N\u00e4heres \u00fcber die Struktur des VDKF e.V. mit den jeweiligen Funktionsbereichen,\u00a0klicken\u00a0Sie <a href=\"https:\/\/www.vdkf-ev.de\/web\/site\/index.php\/struktur-des-vereins-deutscher-kokereifachleute-e-v\/\">hier<\/a>!<\/p>\n","protected":false},"excerpt":{"rendered":"<p>Der VDKF e.V. hat zur Zeit 300 pers\u00f6nliche Mitglieder und\u00a017 Firmenmitglieder. Die Mitgliederversammlung ist das beschlie\u00dfende Organ des Vereins. Der Vorstand des VDKF e.V. besteht aus 7 Personen, die von der Mitgliederversammlung f\u00fcr 2 Jahre gew\u00e4hlt werden. Eine Wiederwahl ist m\u00f6glich. Der Verein hat zur besonderen F\u00f6rderung der technischen und wissenschaftlichen Ziele die Stiftung\u00a0zur F\u00f6rderung &#8230; <a title=\"Der Verein\" class=\"read-more\" href=\"https:\/\/vdkf-ev.de\/web\/site\/index.php\/der-verein\/\" aria-label=\"Mehr Informationen \u00fcber Der Verein\">Weiterlesen<\/a><\/p>\n","protected":false},"author":1,"featured_media":0,"parent":0,"menu_order":0,"comment_status":"closed","ping_status":"open","template":"","meta":{"footnotes":""},"class_list":["post-31","page","type-page","status-publish"],"_links":{"self":[{"href":"https:\/\/vdkf-ev.de\/web\/site\/index.php\/wp-json\/wp\/v2\/pages\/31"}],"collection":[{"href":"https:\/\/vdkf-ev.de\/web\/site\/index.php\/wp-json\/wp\/v2\/pages"}],"about":[{"href":"https:\/\/vdkf-ev.de\/web\/site\/index.php\/wp-json\/wp\/v2\/types\/page"}],"author":[{"embeddable":true,"href":"https:\/\/vdkf-ev.de\/web\/site\/index.php\/wp-json\/wp\/v2\/users\/1"}],"replies":[{"embeddable":true,"href":"https:\/\/vdkf-ev.de\/web\/site\/index.php\/wp-json\/wp\/v2\/comments?post=31"}],"version-history":[{"count":0,"href":"https:\/\/vdkf-ev.de\/web\/site\/index.php\/wp-json\/wp\/v2\/pages\/31\/revisions"}],"wp:attachment":[{"href":"https:\/\/vdkf-ev.de\/web\/site\/index.php\/wp-json\/wp\/v2\/media?parent=31"}],"curies":[{"name":"wp","href":"https:\/\/api.w.org\/{rel}","templated":true}]}}