{"id":319,"date":"2016-04-04T13:10:50","date_gmt":"2016-04-04T11:10:50","guid":{"rendered":"http:\/\/web.vdkf-ev.de\/site\/?page_id=319"},"modified":"2019-06-24T11:02:49","modified_gmt":"2019-06-24T09:02:49","slug":"fachtagung-2","status":"publish","type":"page","link":"https:\/\/vdkf-ev.de\/web\/site\/index.php\/fachtagung-2\/","title":{"rendered":"Fachtagung"},"content":{"rendered":"<p>Zur Verwirklichung seiner Zielsetzung veranstaltet der VDKF allj\u00e4hrlich eine Fachtagung, mit der ein regelm\u00e4\u00dfiger Dialog zwischen den Experten aus dem Kokereibereich gef\u00f6rdert wird. In den vergangenen Jahren trafen sich hierzu j\u00e4hrlich ca. 200 Zuh\u00f6rer aus den Kokereibetrieben, aus den Unternehmen der Kokereibau- und zulieferindustrie, aus Forschungsinstitutionen sowie aus dem Beh\u00f6rdenbereich.<\/p>\n<p>Von diesem Erfahrungsaustausch profitieren auch in zunehmendem Ma\u00dfe die an der Tagung teilnehmende Kokereianlagenbetreiber aus dem europ\u00e4ischen Ausland. Schwerpunktthemen waren Betriebserfahrungen bei der Kokserzeugung, Fragen des Umweltschutzes, Kohle- und Koksqualit\u00e4t, aktuelle Projekte der Kokereibaufirmen oder die internationale Situation der Kokereiwirtschaft. Auch historische Themen aus der Kokereitechnik fanden breiten Anklang.<\/p>\n<p>Neben dem Verfolgen der Fachvortr\u00e4ge haben die Teilnehmer bei dieser Veranstaltung ausreichend Gelegenheit, sich mit Fachkollegen auszutauschen. Letzteres nicht nur beim geselligen Ausklang zum Abschluss des ersten Veranstaltungstages.<\/p>\n<p>&nbsp;<\/p>\n<p>&nbsp;<\/p>\n","protected":false},"excerpt":{"rendered":"<p>Zur Verwirklichung seiner Zielsetzung veranstaltet der VDKF allj\u00e4hrlich eine Fachtagung, mit der ein regelm\u00e4\u00dfiger Dialog zwischen den Experten aus dem Kokereibereich gef\u00f6rdert wird. In den vergangenen Jahren trafen sich hierzu j\u00e4hrlich ca. 200 Zuh\u00f6rer aus den Kokereibetrieben, aus den Unternehmen der Kokereibau- und zulieferindustrie, aus Forschungsinstitutionen sowie aus dem Beh\u00f6rdenbereich. Von diesem Erfahrungsaustausch profitieren auch &#8230; <a title=\"Fachtagung\" class=\"read-more\" href=\"https:\/\/vdkf-ev.de\/web\/site\/index.php\/fachtagung-2\/\" aria-label=\"Mehr Informationen \u00fcber Fachtagung\">Weiterlesen<\/a><\/p>\n","protected":false},"author":1,"featured_media":0,"parent":0,"menu_order":0,"comment_status":"closed","ping_status":"closed","template":"","meta":{"footnotes":""},"class_list":["post-319","page","type-page","status-publish"],"_links":{"self":[{"href":"https:\/\/vdkf-ev.de\/web\/site\/index.php\/wp-json\/wp\/v2\/pages\/319"}],"collection":[{"href":"https:\/\/vdkf-ev.de\/web\/site\/index.php\/wp-json\/wp\/v2\/pages"}],"about":[{"href":"https:\/\/vdkf-ev.de\/web\/site\/index.php\/wp-json\/wp\/v2\/types\/page"}],"author":[{"embeddable":true,"href":"https:\/\/vdkf-ev.de\/web\/site\/index.php\/wp-json\/wp\/v2\/users\/1"}],"replies":[{"embeddable":true,"href":"https:\/\/vdkf-ev.de\/web\/site\/index.php\/wp-json\/wp\/v2\/comments?post=319"}],"version-history":[{"count":0,"href":"https:\/\/vdkf-ev.de\/web\/site\/index.php\/wp-json\/wp\/v2\/pages\/319\/revisions"}],"wp:attachment":[{"href":"https:\/\/vdkf-ev.de\/web\/site\/index.php\/wp-json\/wp\/v2\/media?parent=319"}],"curies":[{"name":"wp","href":"https:\/\/api.w.org\/{rel}","templated":true}]}}