{"id":326,"date":"2016-04-04T13:17:22","date_gmt":"2016-04-04T11:17:22","guid":{"rendered":"http:\/\/web.vdkf-ev.de\/site\/?page_id=326"},"modified":"2016-05-20T12:50:40","modified_gmt":"2016-05-20T10:50:40","slug":"stiftung-2","status":"publish","type":"page","link":"https:\/\/vdkf-ev.de\/web\/site\/index.php\/stiftung-2\/","title":{"rendered":"Stiftung"},"content":{"rendered":"<p style=\"text-align: center;\">Stiftung zur F\u00f6rderung des Kokereiwesens in Technik und Wissenschaft<\/p>\n<p style=\"text-align: center;\">F\u00f6rderung von<br \/>\nKreativit\u00e4t<br \/>\nund Anerkennung<br \/>\nf\u00fcr Ideentr\u00e4ger<\/p>\n<p style=\"text-align: center;\">\n<p style=\"text-align: center;\"><img loading=\"lazy\" decoding=\"async\" class=\"aligncenter\" src=\"https:\/\/www.vdkf-ev.de\/upload\/explorer\/Stiftung\/Koker-a.jpg\" alt=\"\" width=\"333\" height=\"389\" align=\"right\" border=\"0\" \/><\/p>\n","protected":false},"excerpt":{"rendered":"<p>Stiftung zur F\u00f6rderung des Kokereiwesens in Technik und Wissenschaft F\u00f6rderung von Kreativit\u00e4t und Anerkennung f\u00fcr Ideentr\u00e4ger<\/p>\n","protected":false},"author":1,"featured_media":0,"parent":0,"menu_order":0,"comment_status":"closed","ping_status":"closed","template":"","meta":{"footnotes":""},"class_list":["post-326","page","type-page","status-publish"],"_links":{"self":[{"href":"https:\/\/vdkf-ev.de\/web\/site\/index.php\/wp-json\/wp\/v2\/pages\/326"}],"collection":[{"href":"https:\/\/vdkf-ev.de\/web\/site\/index.php\/wp-json\/wp\/v2\/pages"}],"about":[{"href":"https:\/\/vdkf-ev.de\/web\/site\/index.php\/wp-json\/wp\/v2\/types\/page"}],"author":[{"embeddable":true,"href":"https:\/\/vdkf-ev.de\/web\/site\/index.php\/wp-json\/wp\/v2\/users\/1"}],"replies":[{"embeddable":true,"href":"https:\/\/vdkf-ev.de\/web\/site\/index.php\/wp-json\/wp\/v2\/comments?post=326"}],"version-history":[{"count":0,"href":"https:\/\/vdkf-ev.de\/web\/site\/index.php\/wp-json\/wp\/v2\/pages\/326\/revisions"}],"wp:attachment":[{"href":"https:\/\/vdkf-ev.de\/web\/site\/index.php\/wp-json\/wp\/v2\/media?parent=326"}],"curies":[{"name":"wp","href":"https:\/\/api.w.org\/{rel}","templated":true}]}}