{"id":334,"date":"2016-04-04T13:24:19","date_gmt":"2016-04-04T11:24:19","guid":{"rendered":"http:\/\/web.vdkf-ev.de\/site\/?page_id=334"},"modified":"2018-12-12T12:39:42","modified_gmt":"2018-12-12T11:39:42","slug":"historikerkreis-2","status":"publish","type":"page","link":"https:\/\/vdkf-ev.de\/web\/site\/index.php\/historikerkreis-2\/","title":{"rendered":"Historikerkreis"},"content":{"rendered":"<h2>Ziele des Historiker-Kreises im VDKF<\/h2>\n<p>&nbsp;<\/p>\n<p>Ein grundlegendes Ziel der Arbeiten des Historiker-Kreises ist es, Projekte zur Geschichte des Kokereiwesens zu entwickeln und durch aktive Beteiligung der Teilnehmer umzusetzen. Die Ergebnisse der einzelnen Vorhaben sollen durch Vortr\u00e4ge kommuniziert oder in Form von Aufsatzpublikationen bzw. Monographien ver\u00f6ffentlicht werden. Da sich der Historiker-Kreis inzwischen aus leitenden Funktionstr\u00e4gern der Branche sowie aus akademisch ausgebildeten Fachhistorikern zusammensetzt, sind hierf\u00fcr gute Voraussetzungen gegeben.<\/p>\n<p>&nbsp;<\/p>\n<p>Eine weitere wichtige Aufgabe betrachtet der Historiker-Kreis in der Sicherung und Erschlie\u00dfung der schriftlichen \u00dcberlieferungen des Kokereiwesens. In Zusammenarbeit mit dem Bergbau-Archiv (<a href=\"https:\/\/www.bergbaumuseum.de\/de\/montan-dok\">montan.dok<\/a>), das \u00fcber seinen Leiter im Historiker-Kreis vertreten ist, sind auch hierf\u00fcr in fachlicher wie institutioneller Hinsicht besonders gute Grundlagen geschaffen.<\/p>\n<p>&nbsp;<\/p>\n<p>Daneben bem\u00fcht sich der Historiker-Kreis aktuell um Kenntnisse zu noch in Unternehmen oder bei Privatpersonen verwahrten Altakten. Weiterhin konnten innerhalb des Bergbau-Archivs bereits schriftliche Zeugnisse und andere Archivalien zur Geschichte des Kokereiwesens gesichert und einem neu gebildeten Bestand \u201eVDKF-Historiker-Kreis\u201c zugeordnet werden. Zuk\u00fcnftig soll insbesondere in der Mitgliedschaft des VDKF auf eine professionell-archivische Pflege von Nachl\u00e4ssen \u2013 m\u00f6glichst in Form der \u00dcbernahme und Erschlie\u00dfung im Bergbau-Archiv \u2013 hingewirkt werden.<\/p>\n<p><u>\u00a0<\/u><\/p>\n<table>\n<tbody>\n<tr>\n<td width=\"614\"><a href=\"https:\/\/www.vdkf-ev.de\/web\/site\/wp-content\/uploads\/2018\/12\/nordstern.jpg\"><img loading=\"lazy\" decoding=\"async\" class=\"size-medium wp-image-830 aligncenter\" src=\"https:\/\/www.vdkf-ev.de\/web\/site\/wp-content\/uploads\/2018\/12\/nordstern-300x214.jpg\" alt=\"\" width=\"300\" height=\"214\" srcset=\"https:\/\/vdkf-ev.de\/web\/site\/wp-content\/uploads\/2018\/12\/nordstern-300x214.jpg 300w, https:\/\/vdkf-ev.de\/web\/site\/wp-content\/uploads\/2018\/12\/nordstern-20x14.jpg 20w, https:\/\/vdkf-ev.de\/web\/site\/wp-content\/uploads\/2018\/12\/nordstern.jpg 387w\" sizes=\"(max-width: 300px) 100vw, 300px\" \/><\/a><\/td>\n<\/tr>\n<tr>\n<td style=\"text-align: center;\" width=\"614\">Kokerei Nordstern (Bielefeldt 1928)<\/td>\n<\/tr>\n<\/tbody>\n<\/table>\n<p>&nbsp;<\/p>\n","protected":false},"excerpt":{"rendered":"<p>Ziele des Historiker-Kreises im VDKF &nbsp; Ein grundlegendes Ziel der Arbeiten des Historiker-Kreises ist es, Projekte zur Geschichte des Kokereiwesens zu entwickeln und durch aktive Beteiligung der Teilnehmer umzusetzen. Die Ergebnisse der einzelnen Vorhaben sollen durch Vortr\u00e4ge kommuniziert oder in Form von Aufsatzpublikationen bzw. Monographien ver\u00f6ffentlicht werden. Da sich der Historiker-Kreis inzwischen aus leitenden Funktionstr\u00e4gern &#8230; <a title=\"Historikerkreis\" class=\"read-more\" href=\"https:\/\/vdkf-ev.de\/web\/site\/index.php\/historikerkreis-2\/\" aria-label=\"Mehr Informationen \u00fcber Historikerkreis\">Weiterlesen<\/a><\/p>\n","protected":false},"author":1,"featured_media":0,"parent":0,"menu_order":0,"comment_status":"closed","ping_status":"closed","template":"","meta":{"footnotes":""},"class_list":["post-334","page","type-page","status-publish"],"_links":{"self":[{"href":"https:\/\/vdkf-ev.de\/web\/site\/index.php\/wp-json\/wp\/v2\/pages\/334"}],"collection":[{"href":"https:\/\/vdkf-ev.de\/web\/site\/index.php\/wp-json\/wp\/v2\/pages"}],"about":[{"href":"https:\/\/vdkf-ev.de\/web\/site\/index.php\/wp-json\/wp\/v2\/types\/page"}],"author":[{"embeddable":true,"href":"https:\/\/vdkf-ev.de\/web\/site\/index.php\/wp-json\/wp\/v2\/users\/1"}],"replies":[{"embeddable":true,"href":"https:\/\/vdkf-ev.de\/web\/site\/index.php\/wp-json\/wp\/v2\/comments?post=334"}],"version-history":[{"count":0,"href":"https:\/\/vdkf-ev.de\/web\/site\/index.php\/wp-json\/wp\/v2\/pages\/334\/revisions"}],"wp:attachment":[{"href":"https:\/\/vdkf-ev.de\/web\/site\/index.php\/wp-json\/wp\/v2\/media?parent=334"}],"curies":[{"name":"wp","href":"https:\/\/api.w.org\/{rel}","templated":true}]}}