{"id":37,"date":"2015-02-02T10:45:39","date_gmt":"2015-02-02T10:45:39","guid":{"rendered":"http:\/\/cms.vdkf-ev.de\/cms\/?page_id=37"},"modified":"2024-04-30T15:20:36","modified_gmt":"2024-04-30T13:20:36","slug":"mitgliederbereich","status":"publish","type":"page","link":"https:\/\/vdkf-ev.de\/web\/site\/index.php\/mitgliederbereich\/","title":{"rendered":"Mitgliederbereich"},"content":{"rendered":"<p>&nbsp;<\/p>\n<h1><a href=\"https:\/\/vdkf-ev.de\/web\/site\/index.php\/aufnahmeantrag\/\"><strong>Ich m\u00f6chte Mitglied werden (mit Erteilung eines SEPA-Mandats)<\/strong><\/a><\/h1>\n<h1><\/h1>\n<h1><a href=\"https:\/\/vdkf-ev.de\/web\/site\/index.php\/aufnahmeantrag-ohne-erteilung-eines-sepa-mandats\/\"><strong>Ich m\u00f6chte Mitglied werden (OHNE Erteilung eines SEPA-Mandats)<\/strong><\/a><\/h1>\n<h1><\/h1>\n<h1><strong><a href=\"https:\/\/vdkf-ev.de\/web\/site\/index.php\/lastschriftmandat\/\">Lastschriftmandat bei bestehender Mitgliedschaft erteilen<\/a><\/strong><\/h1>\n<p>&nbsp;<\/p>\n<h1><a href=\"https:\/\/vdkf-ev.de\/web\/site\/index.php\/zustimmung-zur-digitalen-kommunikation-und-kontaktaufnahme-bei-bestehender-mitgliedschaft\/\"><strong>Zustimmung zur digitalen Kommunikation<\/strong><\/a><\/h1>\n<p>&nbsp;<\/p>\n<h1><a href=\"http:\/\/mitglieder.vdkf-ev.de\"><strong><span style=\"color: #ff6600;\">Mitglied? Hier gehts zum Mitgliederbereich<\/span><\/strong><\/a><\/h1>\n<p><span style=\"font-family: Arial; font-size: small;\"><span style=\"font-family: Arial,Helvetica,sans-serif; font-size: small;\"><strong><br \/>\n<\/strong><\/span><\/span><span style=\"font-family: Arial;\"><span style=\"font-size: small;\"><br \/>\n<\/span><\/span><\/p>\n<p>Bei sonstigen Unklarheiten wegen der Zugangsmodalit\u00e4ten nehmen Sie bitte auch mit uns\u00a0<a href=\"mailto:Michael.Hein@vdkf-ev.de\" target=\"_blank\" rel=\"noopener noreferrer\">Kontakt<\/a>\u00a0auf!<\/p>\n<p>Im geschlossenen Mitglieder-Bereich finden Sie\u00a0Informationen aus dem Kokereibereich, wie zum Beispiel:<\/p>\n<ul>\n<li>Vortr\u00e4ge der zur\u00fcckliegenden Fachtagungen f\u00fcr Kokereitechnik<\/li>\n<li>S\u00e4mtliche Exemplare von Coke Making International<\/li>\n<li>Zugriff auf die Digitale Bibliothek<\/li>\n<li>Stichwortverzeichnis<\/li>\n<li>Diskussionsforum zum Informationsaustausch\u00a0zwischen Kokereifachleuten<\/li>\n<li>Dokumente zu den Mitgliederversammlungen<\/li>\n<li>Rundschreiben an die Mitglieder<\/li>\n<li>Berichte \u00fcber <a href=\"https:\/\/www.vdkf-ev.de\/web\/site\/index.php\/gesellschaftliche-veranstaltungen-des-vdkf\/\">gesellschaftliche Veranstaltungen<\/a> des VDKF<\/li>\n<\/ul>\n<p>&nbsp;<\/p>\n","protected":false},"excerpt":{"rendered":"<p>&nbsp; Ich m\u00f6chte Mitglied werden (mit Erteilung eines SEPA-Mandats) Ich m\u00f6chte Mitglied werden (OHNE Erteilung eines SEPA-Mandats) Lastschriftmandat bei bestehender Mitgliedschaft erteilen &nbsp; Zustimmung zur digitalen Kommunikation &nbsp; Mitglied? Hier gehts zum Mitgliederbereich Bei sonstigen Unklarheiten wegen der Zugangsmodalit\u00e4ten nehmen Sie bitte auch mit uns\u00a0Kontakt\u00a0auf! Im geschlossenen Mitglieder-Bereich finden Sie\u00a0Informationen aus dem Kokereibereich, wie zum &#8230; <a title=\"Mitgliederbereich\" class=\"read-more\" href=\"https:\/\/vdkf-ev.de\/web\/site\/index.php\/mitgliederbereich\/\" aria-label=\"Mehr Informationen \u00fcber Mitgliederbereich\">Weiterlesen<\/a><\/p>\n","protected":false},"author":1,"featured_media":0,"parent":0,"menu_order":0,"comment_status":"closed","ping_status":"open","template":"","meta":{"footnotes":""},"class_list":["post-37","page","type-page","status-publish"],"_links":{"self":[{"href":"https:\/\/vdkf-ev.de\/web\/site\/index.php\/wp-json\/wp\/v2\/pages\/37"}],"collection":[{"href":"https:\/\/vdkf-ev.de\/web\/site\/index.php\/wp-json\/wp\/v2\/pages"}],"about":[{"href":"https:\/\/vdkf-ev.de\/web\/site\/index.php\/wp-json\/wp\/v2\/types\/page"}],"author":[{"embeddable":true,"href":"https:\/\/vdkf-ev.de\/web\/site\/index.php\/wp-json\/wp\/v2\/users\/1"}],"replies":[{"embeddable":true,"href":"https:\/\/vdkf-ev.de\/web\/site\/index.php\/wp-json\/wp\/v2\/comments?post=37"}],"version-history":[{"count":8,"href":"https:\/\/vdkf-ev.de\/web\/site\/index.php\/wp-json\/wp\/v2\/pages\/37\/revisions"}],"predecessor-version":[{"id":1436,"href":"https:\/\/vdkf-ev.de\/web\/site\/index.php\/wp-json\/wp\/v2\/pages\/37\/revisions\/1436"}],"wp:attachment":[{"href":"https:\/\/vdkf-ev.de\/web\/site\/index.php\/wp-json\/wp\/v2\/media?parent=37"}],"curies":[{"name":"wp","href":"https:\/\/api.w.org\/{rel}","templated":true}]}}