{"id":39,"date":"2015-02-02T10:46:11","date_gmt":"2015-02-02T10:46:11","guid":{"rendered":"http:\/\/cms.vdkf-ev.de\/cms\/?page_id=39"},"modified":"2016-05-21T10:50:36","modified_gmt":"2016-05-21T08:50:36","slug":"stiftung","status":"publish","type":"page","link":"https:\/\/vdkf-ev.de\/web\/site\/index.php\/stiftung\/","title":{"rendered":"Stiftung"},"content":{"rendered":"<p align=\"center\">\n<p align=\"center\"><b><img loading=\"lazy\" decoding=\"async\" src=\"https:\/\/www.vdkf-ev.de\/upload\/explorer\/Stiftung\/Koker-a.jpg\" alt=\"\" width=\"333\" height=\"389\" align=\"right\" border=\"0\" \/><\/b><\/p>\n<p>&nbsp;<\/p>\n<p>&nbsp;<\/p>\n<p>&nbsp;<\/p>\n<p align=\"center\"><span style=\"font-family: Arial; font-size: x-large;\">\u00a0\u00a0\u00a0\u00a0 F\u00f6rderung von<br \/>\nKreativit\u00e4t<br \/>\nund Anerkennung<br \/>\nf\u00fcr Ideentr\u00e4ger<\/span><\/p>\n<p>&nbsp;<\/p>\n","protected":false},"excerpt":{"rendered":"<p>&nbsp; &nbsp; &nbsp; \u00a0\u00a0\u00a0\u00a0 F\u00f6rderung von Kreativit\u00e4t und Anerkennung f\u00fcr Ideentr\u00e4ger &nbsp;<\/p>\n","protected":false},"author":1,"featured_media":0,"parent":0,"menu_order":0,"comment_status":"closed","ping_status":"open","template":"","meta":{"footnotes":""},"class_list":["post-39","page","type-page","status-publish"],"_links":{"self":[{"href":"https:\/\/vdkf-ev.de\/web\/site\/index.php\/wp-json\/wp\/v2\/pages\/39"}],"collection":[{"href":"https:\/\/vdkf-ev.de\/web\/site\/index.php\/wp-json\/wp\/v2\/pages"}],"about":[{"href":"https:\/\/vdkf-ev.de\/web\/site\/index.php\/wp-json\/wp\/v2\/types\/page"}],"author":[{"embeddable":true,"href":"https:\/\/vdkf-ev.de\/web\/site\/index.php\/wp-json\/wp\/v2\/users\/1"}],"replies":[{"embeddable":true,"href":"https:\/\/vdkf-ev.de\/web\/site\/index.php\/wp-json\/wp\/v2\/comments?post=39"}],"version-history":[{"count":0,"href":"https:\/\/vdkf-ev.de\/web\/site\/index.php\/wp-json\/wp\/v2\/pages\/39\/revisions"}],"wp:attachment":[{"href":"https:\/\/vdkf-ev.de\/web\/site\/index.php\/wp-json\/wp\/v2\/media?parent=39"}],"curies":[{"name":"wp","href":"https:\/\/api.w.org\/{rel}","templated":true}]}}