{"id":43,"date":"2015-02-02T10:46:48","date_gmt":"2015-02-02T10:46:48","guid":{"rendered":"http:\/\/cms.vdkf-ev.de\/cms\/?page_id=43"},"modified":"2016-05-20T12:51:00","modified_gmt":"2016-05-20T10:51:00","slug":"ziele","status":"publish","type":"page","link":"https:\/\/vdkf-ev.de\/web\/site\/index.php\/ziele\/","title":{"rendered":"Ziele"},"content":{"rendered":"<table width=\"528\">\n<tbody>\n<tr>\n<td width=\"216\">\n<h2>Die Stiftung<\/h2>\n<ul>\n<li>unterst\u00fctzt begabte Nachwuchskr\u00e4fte in Ausbildung und bei Forschungsarbeiten<\/li>\n<li>f\u00f6rdert Kokereifachleute, die hervorragende Leistungen in Forschung bzw. Betriebsoptimierung erbracht haben<\/li>\n<li>verleiht den mit 5.000 \u20ac dotierten <strong>F\u00f6rderpreis<\/strong> des Vereins Deutscher Kokereifachleute e.V. (VDKF)<\/li>\n<li>erteilt Forschungsauftr\u00e4ge an Personen und Institutionen<\/li>\n<\/ul>\n<p><em>Ziel der Stiftung ist es, junge Ingenieure, Naturwissenschaftler und Betriebswirte bei der Untersuchung technischer und wirtschaftlicher Fragen auf dem Gebiet des Kokereiwesens zu f\u00f6rdern und die Ausbildung begabter Nachwuchskr\u00e4fte finanziell zu unterst\u00fctzen.<\/em><\/td>\n<td width=\"209\">\u00a0<img loading=\"lazy\" decoding=\"async\" src=\"https:\/\/www.vdkf-ev.de\/upload\/images\/2008_5_1_14_27_12\/image001.jpg\" alt=\"\" width=\"155\" height=\"375\" border=\"0\" \/><\/td>\n<\/tr>\n<\/tbody>\n<\/table>\n","protected":false},"excerpt":{"rendered":"<p>Die Stiftung unterst\u00fctzt begabte Nachwuchskr\u00e4fte in Ausbildung und bei Forschungsarbeiten f\u00f6rdert Kokereifachleute, die hervorragende Leistungen in Forschung bzw. Betriebsoptimierung erbracht haben verleiht den mit 5.000 \u20ac dotierten F\u00f6rderpreis des Vereins Deutscher Kokereifachleute e.V. (VDKF) erteilt Forschungsauftr\u00e4ge an Personen und Institutionen Ziel der Stiftung ist es, junge Ingenieure, Naturwissenschaftler und Betriebswirte bei der Untersuchung technischer und &#8230; <a title=\"Ziele\" class=\"read-more\" href=\"https:\/\/vdkf-ev.de\/web\/site\/index.php\/ziele\/\" aria-label=\"Mehr Informationen \u00fcber Ziele\">Weiterlesen<\/a><\/p>\n","protected":false},"author":1,"featured_media":0,"parent":0,"menu_order":0,"comment_status":"closed","ping_status":"open","template":"","meta":{"footnotes":""},"class_list":["post-43","page","type-page","status-publish"],"_links":{"self":[{"href":"https:\/\/vdkf-ev.de\/web\/site\/index.php\/wp-json\/wp\/v2\/pages\/43"}],"collection":[{"href":"https:\/\/vdkf-ev.de\/web\/site\/index.php\/wp-json\/wp\/v2\/pages"}],"about":[{"href":"https:\/\/vdkf-ev.de\/web\/site\/index.php\/wp-json\/wp\/v2\/types\/page"}],"author":[{"embeddable":true,"href":"https:\/\/vdkf-ev.de\/web\/site\/index.php\/wp-json\/wp\/v2\/users\/1"}],"replies":[{"embeddable":true,"href":"https:\/\/vdkf-ev.de\/web\/site\/index.php\/wp-json\/wp\/v2\/comments?post=43"}],"version-history":[{"count":0,"href":"https:\/\/vdkf-ev.de\/web\/site\/index.php\/wp-json\/wp\/v2\/pages\/43\/revisions"}],"wp:attachment":[{"href":"https:\/\/vdkf-ev.de\/web\/site\/index.php\/wp-json\/wp\/v2\/media?parent=43"}],"curies":[{"name":"wp","href":"https:\/\/api.w.org\/{rel}","templated":true}]}}