{"id":49,"date":"2015-02-02T10:48:17","date_gmt":"2015-02-02T10:48:17","guid":{"rendered":"http:\/\/cms.vdkf-ev.de\/cms\/?page_id=49"},"modified":"2024-03-30T07:22:42","modified_gmt":"2024-03-30T06:22:42","slug":"kuratorium","status":"publish","type":"page","link":"https:\/\/vdkf-ev.de\/web\/site\/index.php\/kuratorium\/","title":{"rendered":"Kuratorium der Stiftung zur F\u00f6rderung des Kokereiwesensin Technik und Wissenschaft"},"content":{"rendered":"<p>Dipl.-Ing. Peter Liszio (Vorsitzender)<br \/>\nDipl.-Kfm. Dr. Christian Bartels von Varnb\u00fcler<br \/>\nDipl.-Ing. Benedikt Kopietz<br \/>\nDipl.-Ing. Bj\u00f6rn Otten<br \/>\nDipl.-Ing. Gerhard B\u00fcnemann<br \/>\nDr. Ulrich Terhaag<br \/>\nProfessor Dr. Peter Quirmbach,<br \/>\nProfessor Dr.-Ing. Jens-Uwe Repke<br \/>\nProfessor Dr. Andreas Braeuer<br \/>\nProfessor Dr. Marek V\u00eac\u00ear<\/p>\n<p>&nbsp;<\/p>\n<p>&nbsp;<\/p>\n<p>&nbsp;<\/p>\n<p>&nbsp;<\/p>\n<p>&nbsp;<\/p>\n<p>&nbsp;<\/p>\n<p>&nbsp;<\/p>\n<p>&nbsp;<\/p>\n<p>&nbsp;<\/p>\n<p>Stand: April 2019<\/p>\n","protected":false},"excerpt":{"rendered":"<p>Dipl.-Ing. Peter Liszio (Vorsitzender) Dipl.-Kfm. Dr. Christian Bartels von Varnb\u00fcler Dipl.-Ing. Benedikt Kopietz Dipl.-Ing. Bj\u00f6rn Otten Dipl.-Ing. Gerhard B\u00fcnemann Dr. Ulrich Terhaag Professor Dr. Peter Quirmbach, Professor Dr.-Ing. Jens-Uwe Repke Professor Dr. Andreas Braeuer Professor Dr. Marek V\u00eac\u00ear &nbsp; &nbsp; &nbsp; &nbsp; &nbsp; &nbsp; &nbsp; &nbsp; &nbsp; Stand: April 2019<\/p>\n","protected":false},"author":1,"featured_media":0,"parent":0,"menu_order":0,"comment_status":"closed","ping_status":"open","template":"","meta":{"footnotes":""},"class_list":["post-49","page","type-page","status-publish"],"_links":{"self":[{"href":"https:\/\/vdkf-ev.de\/web\/site\/index.php\/wp-json\/wp\/v2\/pages\/49"}],"collection":[{"href":"https:\/\/vdkf-ev.de\/web\/site\/index.php\/wp-json\/wp\/v2\/pages"}],"about":[{"href":"https:\/\/vdkf-ev.de\/web\/site\/index.php\/wp-json\/wp\/v2\/types\/page"}],"author":[{"embeddable":true,"href":"https:\/\/vdkf-ev.de\/web\/site\/index.php\/wp-json\/wp\/v2\/users\/1"}],"replies":[{"embeddable":true,"href":"https:\/\/vdkf-ev.de\/web\/site\/index.php\/wp-json\/wp\/v2\/comments?post=49"}],"version-history":[{"count":2,"href":"https:\/\/vdkf-ev.de\/web\/site\/index.php\/wp-json\/wp\/v2\/pages\/49\/revisions"}],"predecessor-version":[{"id":1378,"href":"https:\/\/vdkf-ev.de\/web\/site\/index.php\/wp-json\/wp\/v2\/pages\/49\/revisions\/1378"}],"wp:attachment":[{"href":"https:\/\/vdkf-ev.de\/web\/site\/index.php\/wp-json\/wp\/v2\/media?parent=49"}],"curies":[{"name":"wp","href":"https:\/\/api.w.org\/{rel}","templated":true}]}}