{"id":51,"date":"2015-02-02T10:48:39","date_gmt":"2015-02-02T10:48:39","guid":{"rendered":"http:\/\/cms.vdkf-ev.de\/cms\/?page_id=51"},"modified":"2016-05-20T12:50:02","modified_gmt":"2016-05-20T10:50:02","slug":"historikerkreis","status":"publish","type":"page","link":"https:\/\/vdkf-ev.de\/web\/site\/index.php\/historikerkreis\/","title":{"rendered":"Historikerkreis"},"content":{"rendered":"<table width=\"957\">\n<tbody>\n<tr>\n<td colspan=\"2\" width=\"753\">\n<h2><em>Ziele des Historiker-Kreises im VDKF<\/em><\/h2>\n<p>&nbsp;<\/td>\n<\/tr>\n<tr>\n<td colspan=\"2\" width=\"636\">Ein grundlegendes Ziel der Arbeiten des Historiker-Kreises ist es, Projekte zur Geschichte des Kokereiwesens zu entwickeln und durch aktive Beteiligung der Teilnehmer umzusetzen. Die Ergebnisse der einzelnen Vorhaben sollen durch Vortr\u00e4ge kommuniziert oder in Form von Aufsatzpublikationen bzw. Monographien ver\u00f6ffentlicht werden.<\/td>\n<td rowspan=\"2\" width=\"321\">\u00a0<img loading=\"lazy\" decoding=\"async\" class=\"\" src=\"https:\/\/www.vdkf-ev.de\/upload\/images\/2011_10_25_21_14_9\/image001.jpg\" alt=\"\" width=\"182\" height=\"598\" align=\"left\" hspace=\"8\" vspace=\"8\" \/><\/td>\n<\/tr>\n<tr>\n<td colspan=\"2\" width=\"636\">Da sich der Historiker-Kreis inzwischen aus leitenden Funktionstr\u00e4gern der Branche sowie aus akademisch ausgebildeten Fachhistorikern zusammensetzt, sind hierf\u00fcr gute Voraussetzungen gegeben. Eine weitere wichtige Aufgabe betrachtet der Historiker-Kreis in der Sicherung und Erschlie\u00dfung der schriftlichen \u00dcberlieferung des Kokereiwesens. Da der Koordinator des Historiker-Kreises in hauptamtlicher Funktion mit der Leitung des Bergbau-Archivs beim <a href=\"http:\/\/www.bergbaumuseum.de\/\">DBM<\/a> betraut ist, sind auch hierf\u00fcr in fachlicher wie institutioneller Hinsicht besonders gute Grundlagen geschaffen. Als ein langfristiger Themenschwerpunkten hat sich deshalb inzwischen die Erarbeitung eines \u201eSachthematischen Inventars der Quellen zum Kokereiwesen\u201c herausgebildet. Hierzu sind Informationen \u00fcber bereits archivisch gepflegte Best\u00e4nde unter anderem im Bergbau-Archiv Bochum, im ThyssenKrupp Konzernarchiv in Duisburg sowie im Historischen Archiv Krupp in Essen vorhanden. Weitere Informationen zu den genannten Archiven erhalten Sie unter der Rubrik \u201e<a href=\"http:\/\/www.archive.nrw.de\/\">Wirtschaftsarchive<\/a>\u201c.<\/p>\n<p>Daneben bem\u00fcht sich der Historiker-Kreis aktuell um Kenntnisse zu noch in Unternehmen verwahrten Altakten. Weiterhin konnten innerhalb des Bergbau-Archivs bereits schriftliche Zeugnisse zur Geschichte des Kokereiwesens gesichert und einem neu gebildeten Bestand \u201eVDKF-Historiker-Kreis\u201c zugeordnet werden. Zuk\u00fcnftig soll insbesondere in der Mitgliedschaft des VDKF auf eine professionell-archivische Pflege von Nachl\u00e4ssen \u2013 m\u00f6glichst in Form der \u00dcbernahme und Erschlie\u00dfung im Bergbau-Archiv \u2013 hingewirkt werden.<\/p>\n<p>&nbsp;<\/td>\n<\/tr>\n<tr>\n<td colspan=\"2\" width=\"636\"><a href=\"https:\/\/www.vdkf-ev.de\/web\/site\/index.php\/gruendung-und-profil-des-historiker-kreises\/\">Gr\u00fcndung und Profil<\/a> des Historiker-Kreises.<\/td>\n<td width=\"321\">&nbsp;<\/td>\n<\/tr>\n<tr>\n<td width=\"204\"><\/td>\n<td width=\"432\"><\/td>\n<td width=\"321\"><\/td>\n<\/tr>\n<\/tbody>\n<\/table>\n<p>&nbsp;<\/p>\n<p>&nbsp;<\/p>\n","protected":false},"excerpt":{"rendered":"<p>Ziele des Historiker-Kreises im VDKF &nbsp; Ein grundlegendes Ziel der Arbeiten des Historiker-Kreises ist es, Projekte zur Geschichte des Kokereiwesens zu entwickeln und durch aktive Beteiligung der Teilnehmer umzusetzen. Die Ergebnisse der einzelnen Vorhaben sollen durch Vortr\u00e4ge kommuniziert oder in Form von Aufsatzpublikationen bzw. Monographien ver\u00f6ffentlicht werden. \u00a0 Da sich der Historiker-Kreis inzwischen aus leitenden &#8230; <a title=\"Historikerkreis\" class=\"read-more\" href=\"https:\/\/vdkf-ev.de\/web\/site\/index.php\/historikerkreis\/\" aria-label=\"Mehr Informationen \u00fcber Historikerkreis\">Weiterlesen<\/a><\/p>\n","protected":false},"author":1,"featured_media":0,"parent":0,"menu_order":0,"comment_status":"closed","ping_status":"open","template":"","meta":{"footnotes":""},"class_list":["post-51","page","type-page","status-publish"],"_links":{"self":[{"href":"https:\/\/vdkf-ev.de\/web\/site\/index.php\/wp-json\/wp\/v2\/pages\/51"}],"collection":[{"href":"https:\/\/vdkf-ev.de\/web\/site\/index.php\/wp-json\/wp\/v2\/pages"}],"about":[{"href":"https:\/\/vdkf-ev.de\/web\/site\/index.php\/wp-json\/wp\/v2\/types\/page"}],"author":[{"embeddable":true,"href":"https:\/\/vdkf-ev.de\/web\/site\/index.php\/wp-json\/wp\/v2\/users\/1"}],"replies":[{"embeddable":true,"href":"https:\/\/vdkf-ev.de\/web\/site\/index.php\/wp-json\/wp\/v2\/comments?post=51"}],"version-history":[{"count":0,"href":"https:\/\/vdkf-ev.de\/web\/site\/index.php\/wp-json\/wp\/v2\/pages\/51\/revisions"}],"wp:attachment":[{"href":"https:\/\/vdkf-ev.de\/web\/site\/index.php\/wp-json\/wp\/v2\/media?parent=51"}],"curies":[{"name":"wp","href":"https:\/\/api.w.org\/{rel}","templated":true}]}}