{"id":543,"date":"2016-05-20T11:26:27","date_gmt":"2016-05-20T09:26:27","guid":{"rendered":"http:\/\/web.vdkf-ev.de\/site\/?page_id=543"},"modified":"2024-04-24T06:42:22","modified_gmt":"2024-04-24T04:42:22","slug":"mitglied-werden","status":"publish","type":"page","link":"https:\/\/vdkf-ev.de\/web\/site\/index.php\/mitglied-werden\/","title":{"rendered":"Mitglied werden"},"content":{"rendered":"<h2 align=\"justify\">Beitritt zum VDKF e.V.<\/h2>\n<p>Die ordentliche Mitgliedschaft ist offen f\u00fcr den unter \u00a7 4, Absatz\u00a02 der aktuellen <a href=\"https:\/\/www.vdkf-ev.de\/web\/site\/index.php\/satzung\/\" target=\"_blank\" rel=\"noopener noreferrer\">Satzung<\/a> genannten Personenkreis. Eine au\u00dferordentliche Mitgliedschaft ist m\u00f6glich f\u00fcr alle an der Arbeit und den Zielen des Vereins interessierten nat\u00fcrlichen und juristischen Personen (\u00a7 4, Absatz 3 der <a href=\"https:\/\/www.vdkf-ev.de\/web\/site\/index.php\/satzung\/\" target=\"_blank\" rel=\"noopener noreferrer\">Satzung<\/a>).<br \/>\nAufnahmeantr\u00e4ge f\u00fcr die <a href=\"https:\/\/vdkf-ev.de\/web\/site\/wp-content\/uploads\/2024\/03\/Beitrittserklaerung_VDKF_eV.pdf\">Mitgliedschaft<\/a>\u00a0sind an den Vorstand zu richten. Es gilt die\u00a0<a href=\"https:\/\/www.vdkf-ev.de\/web\/site\/wp-content\/uploads\/2016\/04\/Beitragsordnung-12-05-06.pdf\">Beitragsordnung<\/a> vom 12.05.2006. Der Verein ist als\u00a0<a href=\"https:\/\/www.vdkf-ev.de\/web\/site\/wp-content\/uploads\/2016\/04\/Steuerbefreiung.pdf\">Berufsverband<\/a> i. S. \u00a7 5, Abs. 1, Nr. 5 KStG anerkannt.<\/p>\n<h1><a href=\"https:\/\/vdkf-ev.de\/web\/site\/index.php\/aufnahmeantrag\/\"><strong>&gt;&gt;Mitglied werden&lt;&lt;<\/strong><\/a><\/h1>\n<p>&nbsp;<\/p>\n<p>&nbsp;<\/p>\n","protected":false},"excerpt":{"rendered":"<p>Beitritt zum VDKF e.V. Die ordentliche Mitgliedschaft ist offen f\u00fcr den unter \u00a7 4, Absatz\u00a02 der aktuellen Satzung genannten Personenkreis. Eine au\u00dferordentliche Mitgliedschaft ist m\u00f6glich f\u00fcr alle an der Arbeit und den Zielen des Vereins interessierten nat\u00fcrlichen und juristischen Personen (\u00a7 4, Absatz 3 der Satzung). Aufnahmeantr\u00e4ge f\u00fcr die Mitgliedschaft\u00a0sind an den Vorstand zu richten. &#8230; <a title=\"Mitglied werden\" class=\"read-more\" href=\"https:\/\/vdkf-ev.de\/web\/site\/index.php\/mitglied-werden\/\" aria-label=\"Mehr Informationen \u00fcber Mitglied werden\">Weiterlesen<\/a><\/p>\n","protected":false},"author":1,"featured_media":0,"parent":0,"menu_order":0,"comment_status":"closed","ping_status":"closed","template":"","meta":{"footnotes":""},"class_list":["post-543","page","type-page","status-publish"],"_links":{"self":[{"href":"https:\/\/vdkf-ev.de\/web\/site\/index.php\/wp-json\/wp\/v2\/pages\/543"}],"collection":[{"href":"https:\/\/vdkf-ev.de\/web\/site\/index.php\/wp-json\/wp\/v2\/pages"}],"about":[{"href":"https:\/\/vdkf-ev.de\/web\/site\/index.php\/wp-json\/wp\/v2\/types\/page"}],"author":[{"embeddable":true,"href":"https:\/\/vdkf-ev.de\/web\/site\/index.php\/wp-json\/wp\/v2\/users\/1"}],"replies":[{"embeddable":true,"href":"https:\/\/vdkf-ev.de\/web\/site\/index.php\/wp-json\/wp\/v2\/comments?post=543"}],"version-history":[{"count":2,"href":"https:\/\/vdkf-ev.de\/web\/site\/index.php\/wp-json\/wp\/v2\/pages\/543\/revisions"}],"predecessor-version":[{"id":1404,"href":"https:\/\/vdkf-ev.de\/web\/site\/index.php\/wp-json\/wp\/v2\/pages\/543\/revisions\/1404"}],"wp:attachment":[{"href":"https:\/\/vdkf-ev.de\/web\/site\/index.php\/wp-json\/wp\/v2\/media?parent=543"}],"curies":[{"name":"wp","href":"https:\/\/api.w.org\/{rel}","templated":true}]}}