{"id":55,"date":"2015-02-02T10:49:04","date_gmt":"2015-02-02T10:49:04","guid":{"rendered":"http:\/\/cms.vdkf-ev.de\/cms\/?page_id=55"},"modified":"2019-04-29T10:55:28","modified_gmt":"2019-04-29T08:55:28","slug":"projekte","status":"publish","type":"page","link":"https:\/\/vdkf-ev.de\/web\/site\/index.php\/projekte\/","title":{"rendered":"Projekte"},"content":{"rendered":"<p><strong>Auswahl der von den Mitarbeitern des Historiker-Kreises bearbeiteten Projekte<\/strong><\/p>\n<p>Abgeschlossene Projekte<\/p>\n<ul>\n<li><span style=\"color: #ff6600;\"><a style=\"color: #ff6600;\" href=\"https:\/\/www.vdkf-ev.de\/web\/site\/wp-content\/uploads\/2018\/12\/12-Zeitzeugen-des-deutschen-Kokereiwesens-Ein-Interviewp_1.pdf\">Zeitzeugen des deutschen Kokereiwesens<\/a><\/span>\u00a0 \u2013 ein \u201eOral-History\u201c Projekt.<\/li>\n<li>Geschichte des deutschen <span style=\"color: #ff6600;\"><a style=\"color: #ff6600;\" href=\"https:\/\/www.vdkf-ev.de\/web\/site\/wp-content\/uploads\/2016\/04\/Geschichte-Didier-final-h.pdf\">Kokerei-Anlagenbaus<\/a><\/span>.<\/li>\n<li><span style=\"color: #ff6600;\"><a style=\"color: #ff6600;\" href=\"https:\/\/www.vdkf-ev.de\/web\/site\/wp-content\/uploads\/2018\/12\/Koks-auf-Zelloloid.pdf\">Erschlie\u00dfung von Akten, Filmmaterial<\/a><\/span>\u00a0und <a href=\"https:\/\/www.vdkf-ev.de\/web\/site\/wp-content\/uploads\/2019\/04\/11_Farrenkopf-Ko\u00dfke-1.pdf\"><span style=\"color: #ff6600;\">Fotosammlungen<\/span><\/a>.<\/li>\n<\/ul>\n<p>Aktuelle Projekte<\/p>\n<ul>\n<li><u>Koksofen-Register<br \/>\n<\/u>Erstellung eines Registers mit historischen und technischen Daten zu Koksofenanlagen, die schwerpunktm\u00e4\u00dfig von der Mitte des 19. Jahrhunderts bis in die Gegenwart errichtet wurden. Als Quellen f\u00fcr die Datenerhebung dienen Auftragsb\u00fccher und Referenzlisten des Kokereianlagenbaus, Literatur zum Kokereiwesen und auch das umfangreiche Wissen der Mitglieder des Historiker-Kreises. \u00dcber den <span style=\"color: #ff6600;\"><a style=\"color: #ff6600;\" href=\"https:\/\/www.vdkf-ev.de\/web\/site\/wp-content\/uploads\/2019\/04\/11_-Koksofenanlagenregister.pdf\">aktuellen Stand<\/a> <\/span>des Projektes berichtete Herr Dr. Ronald Kim im Rahmen der Fachtagung Kokereitechnik 2017.<\/li>\n<\/ul>\n<table>\n<tbody>\n<tr>\n<td width=\"614\"><a href=\"https:\/\/www.vdkf-ev.de\/web\/site\/wp-content\/uploads\/2018\/12\/auftragsbuecher.png\"><img loading=\"lazy\" decoding=\"async\" class=\"aligncenter wp-image-848 size-medium\" src=\"https:\/\/www.vdkf-ev.de\/web\/site\/wp-content\/uploads\/2018\/12\/auftragsbuecher-e1544616692746-300x206.png\" alt=\"\" width=\"300\" height=\"206\" srcset=\"https:\/\/vdkf-ev.de\/web\/site\/wp-content\/uploads\/2018\/12\/auftragsbuecher-e1544616692746-300x206.png 300w, https:\/\/vdkf-ev.de\/web\/site\/wp-content\/uploads\/2018\/12\/auftragsbuecher-e1544616692746-600x412.png 600w, https:\/\/vdkf-ev.de\/web\/site\/wp-content\/uploads\/2018\/12\/auftragsbuecher-e1544616692746-768x527.png 768w, https:\/\/vdkf-ev.de\/web\/site\/wp-content\/uploads\/2018\/12\/auftragsbuecher-e1544616692746-618x424.png 618w, https:\/\/vdkf-ev.de\/web\/site\/wp-content\/uploads\/2018\/12\/auftragsbuecher-e1544616692746-444x305.png 444w, https:\/\/vdkf-ev.de\/web\/site\/wp-content\/uploads\/2018\/12\/auftragsbuecher-e1544616692746-20x14.png 20w, https:\/\/vdkf-ev.de\/web\/site\/wp-content\/uploads\/2018\/12\/auftragsbuecher-e1544616692746.png 859w\" sizes=\"(max-width: 300px) 100vw, 300px\" \/><\/a><\/td>\n<\/tr>\n<tr>\n<td width=\"614\">Auftragsb\u00fccher als Quelle (Dr. Kim 2017)<\/td>\n<\/tr>\n<\/tbody>\n<\/table>\n<table>\n<tbody>\n<tr>\n<td width=\"614\"><a href=\"https:\/\/www.vdkf-ev.de\/web\/site\/wp-content\/uploads\/2018\/12\/otto.jpg\"><img loading=\"lazy\" decoding=\"async\" class=\"size-medium wp-image-847 aligncenter\" src=\"https:\/\/www.vdkf-ev.de\/web\/site\/wp-content\/uploads\/2018\/12\/otto-300x252.jpg\" alt=\"\" width=\"300\" height=\"252\" srcset=\"https:\/\/vdkf-ev.de\/web\/site\/wp-content\/uploads\/2018\/12\/otto-300x252.jpg 300w, https:\/\/vdkf-ev.de\/web\/site\/wp-content\/uploads\/2018\/12\/otto-600x504.jpg 600w, https:\/\/vdkf-ev.de\/web\/site\/wp-content\/uploads\/2018\/12\/otto-1024x861.jpg 1024w, https:\/\/vdkf-ev.de\/web\/site\/wp-content\/uploads\/2018\/12\/otto-768x646.jpg 768w, https:\/\/vdkf-ev.de\/web\/site\/wp-content\/uploads\/2018\/12\/otto-1536x1291.jpg 1536w, https:\/\/vdkf-ev.de\/web\/site\/wp-content\/uploads\/2018\/12\/otto-2048x1721.jpg 2048w, https:\/\/vdkf-ev.de\/web\/site\/wp-content\/uploads\/2018\/12\/otto-1218x1024.jpg 1218w, https:\/\/vdkf-ev.de\/web\/site\/wp-content\/uploads\/2018\/12\/otto-618x519.jpg 618w, https:\/\/vdkf-ev.de\/web\/site\/wp-content\/uploads\/2018\/12\/otto-444x373.jpg 444w, https:\/\/vdkf-ev.de\/web\/site\/wp-content\/uploads\/2018\/12\/otto-20x17.jpg 20w\" sizes=\"(max-width: 300px) 100vw, 300px\" \/><\/a><\/td>\n<\/tr>\n<tr>\n<td style=\"text-align: center;\" width=\"614\">Zeichnung eines Otto-Hoffmannofens aus dem Jahr 1885 (Dr. Kim 2017)<\/td>\n<\/tr>\n<\/tbody>\n<\/table>\n<p>Im Jahr 2015 waren 3637 Koksofenanlagen mit 130556 \u00d6fen in der Datenbank erfasst.<\/p>\n<table>\n<tbody>\n<tr>\n<td width=\"614\"><a href=\"https:\/\/www.vdkf-ev.de\/web\/site\/wp-content\/uploads\/2018\/12\/stand.png\"><img loading=\"lazy\" decoding=\"async\" class=\"aligncenter wp-image-846 size-medium\" src=\"https:\/\/www.vdkf-ev.de\/web\/site\/wp-content\/uploads\/2018\/12\/stand-e1544616722980-300x145.png\" alt=\"\" width=\"300\" height=\"145\" srcset=\"https:\/\/vdkf-ev.de\/web\/site\/wp-content\/uploads\/2018\/12\/stand-e1544616722980-300x145.png 300w, https:\/\/vdkf-ev.de\/web\/site\/wp-content\/uploads\/2018\/12\/stand-e1544616722980-600x289.png 600w, https:\/\/vdkf-ev.de\/web\/site\/wp-content\/uploads\/2018\/12\/stand-e1544616722980-1024x493.png 1024w, https:\/\/vdkf-ev.de\/web\/site\/wp-content\/uploads\/2018\/12\/stand-e1544616722980-768x370.png 768w, https:\/\/vdkf-ev.de\/web\/site\/wp-content\/uploads\/2018\/12\/stand-e1544616722980-618x298.png 618w, https:\/\/vdkf-ev.de\/web\/site\/wp-content\/uploads\/2018\/12\/stand-e1544616722980-444x214.png 444w, https:\/\/vdkf-ev.de\/web\/site\/wp-content\/uploads\/2018\/12\/stand-e1544616722980-20x10.png 20w, https:\/\/vdkf-ev.de\/web\/site\/wp-content\/uploads\/2018\/12\/stand-e1544616722980.png 1214w\" sizes=\"(max-width: 300px) 100vw, 300px\" \/><\/a><\/td>\n<\/tr>\n<tr>\n<td style=\"text-align: center;\" width=\"614\">Stand der Erfassung der Koksofenanlagen (Dr. Kim 2017)<\/td>\n<\/tr>\n<\/tbody>\n<\/table>\n<p>Die Datenbank wird st\u00e4ndig erweitert. Ziel ist die Visualisierung der Kokereistandorte in einer digitalen Karte, so wie sie Dr. Louis im Jahr 2007 bereits schon einmal konzipiert hatte, mit der M\u00f6glichkeit, historische und technische Anlagendaten direkt abgreifen zu k\u00f6nnen.<\/p>\n<table>\n<tbody>\n<tr>\n<td width=\"495\"><a href=\"https:\/\/www.vdkf-ev.de\/web\/site\/wp-content\/uploads\/2018\/12\/kok-ruhr.png\"><img loading=\"lazy\" decoding=\"async\" class=\"aligncenter wp-image-845 size-medium\" src=\"https:\/\/www.vdkf-ev.de\/web\/site\/wp-content\/uploads\/2018\/12\/kok-ruhr-e1544616795633-300x114.png\" alt=\"\" width=\"300\" height=\"114\" srcset=\"https:\/\/vdkf-ev.de\/web\/site\/wp-content\/uploads\/2018\/12\/kok-ruhr-e1544616795633-300x114.png 300w, https:\/\/vdkf-ev.de\/web\/site\/wp-content\/uploads\/2018\/12\/kok-ruhr-e1544616795633-600x227.png 600w, https:\/\/vdkf-ev.de\/web\/site\/wp-content\/uploads\/2018\/12\/kok-ruhr-e1544616795633-1024x388.png 1024w, https:\/\/vdkf-ev.de\/web\/site\/wp-content\/uploads\/2018\/12\/kok-ruhr-e1544616795633-768x291.png 768w, https:\/\/vdkf-ev.de\/web\/site\/wp-content\/uploads\/2018\/12\/kok-ruhr-e1544616795633-618x234.png 618w, https:\/\/vdkf-ev.de\/web\/site\/wp-content\/uploads\/2018\/12\/kok-ruhr-e1544616795633-444x168.png 444w, https:\/\/vdkf-ev.de\/web\/site\/wp-content\/uploads\/2018\/12\/kok-ruhr-e1544616795633-20x8.png 20w, https:\/\/vdkf-ev.de\/web\/site\/wp-content\/uploads\/2018\/12\/kok-ruhr-e1544616795633.png 1204w\" sizes=\"(max-width: 300px) 100vw, 300px\" \/><\/a><\/td>\n<\/tr>\n<tr>\n<td style=\"text-align: center;\" width=\"495\">Kokereien Im Ruhrgebiet (Dr. Louis 2007)<\/td>\n<\/tr>\n<\/tbody>\n<\/table>\n<ul>\n<li><u>Kokerei-Vokabular<\/u><\/li>\n<\/ul>\n<p>Sammlung und Zusammenstellung von Kokerei-Vokabular. Die Initiative dieses Projektes geht auf Herrn Dipl.-Ing. Ko\u00dfke zur\u00fcck, der sich bisher auch am intensivsten mit der Thematik besch\u00e4ftigt hat. Neben der fachlichen Erkl\u00e4rung von Begriffen aus dem Kokereiwesen sollen auch umgangssprachliche Redewendungen erl\u00e4utert werden, so wie sie h\u00e4ufig im Anlagenbetrieb verwendet wurden.<\/p>\n<table>\n<tbody>\n<tr>\n<td width=\"614\"><a href=\"https:\/\/www.vdkf-ev.de\/web\/site\/wp-content\/uploads\/2018\/12\/woerterbuch.png\"><img loading=\"lazy\" decoding=\"async\" class=\"wp-image-849 size-medium aligncenter\" src=\"https:\/\/www.vdkf-ev.de\/web\/site\/wp-content\/uploads\/2018\/12\/woerterbuch-e1544616496626-300x241.png\" alt=\"\" width=\"300\" height=\"241\" srcset=\"https:\/\/vdkf-ev.de\/web\/site\/wp-content\/uploads\/2018\/12\/woerterbuch-e1544616496626-300x241.png 300w, https:\/\/vdkf-ev.de\/web\/site\/wp-content\/uploads\/2018\/12\/woerterbuch-e1544616496626-444x357.png 444w, https:\/\/vdkf-ev.de\/web\/site\/wp-content\/uploads\/2018\/12\/woerterbuch-e1544616496626-20x16.png 20w, https:\/\/vdkf-ev.de\/web\/site\/wp-content\/uploads\/2018\/12\/woerterbuch-e1544616496626.png 489w\" sizes=\"(max-width: 300px) 100vw, 300px\" \/><\/a><\/td>\n<\/tr>\n<tr>\n<td style=\"text-align: center;\" width=\"614\">Auszug aus dem Kokerei-W\u00f6rterbuch<\/td>\n<\/tr>\n<\/tbody>\n<\/table>\n<ul>\n<li><u>Sachthematisches Inventar der Quellen zum Kokereiwesen.<\/u><\/li>\n<\/ul>\n<p>Fortlaufendes in Erfahrung bringen von m\u00f6glichen Archivalien f\u00fcr das Bergbau-Archiv.<\/p>\n","protected":false},"excerpt":{"rendered":"<p>Auswahl der von den Mitarbeitern des Historiker-Kreises bearbeiteten Projekte Abgeschlossene Projekte Zeitzeugen des deutschen Kokereiwesens\u00a0 \u2013 ein \u201eOral-History\u201c Projekt. Geschichte des deutschen Kokerei-Anlagenbaus. Erschlie\u00dfung von Akten, Filmmaterial\u00a0und Fotosammlungen. Aktuelle Projekte Koksofen-Register Erstellung eines Registers mit historischen und technischen Daten zu Koksofenanlagen, die schwerpunktm\u00e4\u00dfig von der Mitte des 19. Jahrhunderts bis in die Gegenwart errichtet wurden. &#8230; <a title=\"Projekte\" class=\"read-more\" href=\"https:\/\/vdkf-ev.de\/web\/site\/index.php\/projekte\/\" aria-label=\"Mehr Informationen \u00fcber Projekte\">Weiterlesen<\/a><\/p>\n","protected":false},"author":1,"featured_media":0,"parent":0,"menu_order":0,"comment_status":"closed","ping_status":"open","template":"","meta":{"footnotes":""},"class_list":["post-55","page","type-page","status-publish"],"_links":{"self":[{"href":"https:\/\/vdkf-ev.de\/web\/site\/index.php\/wp-json\/wp\/v2\/pages\/55"}],"collection":[{"href":"https:\/\/vdkf-ev.de\/web\/site\/index.php\/wp-json\/wp\/v2\/pages"}],"about":[{"href":"https:\/\/vdkf-ev.de\/web\/site\/index.php\/wp-json\/wp\/v2\/types\/page"}],"author":[{"embeddable":true,"href":"https:\/\/vdkf-ev.de\/web\/site\/index.php\/wp-json\/wp\/v2\/users\/1"}],"replies":[{"embeddable":true,"href":"https:\/\/vdkf-ev.de\/web\/site\/index.php\/wp-json\/wp\/v2\/comments?post=55"}],"version-history":[{"count":0,"href":"https:\/\/vdkf-ev.de\/web\/site\/index.php\/wp-json\/wp\/v2\/pages\/55\/revisions"}],"wp:attachment":[{"href":"https:\/\/vdkf-ev.de\/web\/site\/index.php\/wp-json\/wp\/v2\/media?parent=55"}],"curies":[{"name":"wp","href":"https:\/\/api.w.org\/{rel}","templated":true}]}}