{"id":63,"date":"2015-02-02T10:49:57","date_gmt":"2015-02-02T10:49:57","guid":{"rendered":"http:\/\/cms.vdkf-ev.de\/cms\/?page_id=63"},"modified":"2024-04-27T15:29:19","modified_gmt":"2024-04-27T13:29:19","slug":"kurzberichte","status":"publish","type":"page","link":"https:\/\/vdkf-ev.de\/web\/site\/index.php\/kurzberichte\/","title":{"rendered":"Kurzberichte"},"content":{"rendered":"<p>Die Beitr\u00e4ge der vergangenen Fachtagungen finden Sie im Mitgliederbereich!<\/p>\n<p>F\u00fcr Teilnehmer der letzten Fachtagung stehen die Beitr\u00e4ge <a href=\"https:\/\/vdkf-ev.de\/web\/site\/index.php\/beitraege-fachtagung-2024-presentations-conference\/\">hier<\/a> zur Verf\u00fcgung. Das Passwort erhalten Sie auf <a href=\"https:\/\/vdkf-ev.de\/web\/site\/index.php\/zugriff-beitraege-fachtagung-2024\/\">Anfrage<\/a>.<\/p>\n","protected":false},"excerpt":{"rendered":"<p>Die Beitr\u00e4ge der vergangenen Fachtagungen finden Sie im Mitgliederbereich! F\u00fcr Teilnehmer der letzten Fachtagung stehen die Beitr\u00e4ge hier zur Verf\u00fcgung. Das Passwort erhalten Sie auf Anfrage.<\/p>\n","protected":false},"author":1,"featured_media":0,"parent":0,"menu_order":0,"comment_status":"closed","ping_status":"open","template":"","meta":{"footnotes":""},"class_list":["post-63","page","type-page","status-publish"],"_links":{"self":[{"href":"https:\/\/vdkf-ev.de\/web\/site\/index.php\/wp-json\/wp\/v2\/pages\/63"}],"collection":[{"href":"https:\/\/vdkf-ev.de\/web\/site\/index.php\/wp-json\/wp\/v2\/pages"}],"about":[{"href":"https:\/\/vdkf-ev.de\/web\/site\/index.php\/wp-json\/wp\/v2\/types\/page"}],"author":[{"embeddable":true,"href":"https:\/\/vdkf-ev.de\/web\/site\/index.php\/wp-json\/wp\/v2\/users\/1"}],"replies":[{"embeddable":true,"href":"https:\/\/vdkf-ev.de\/web\/site\/index.php\/wp-json\/wp\/v2\/comments?post=63"}],"version-history":[{"count":3,"href":"https:\/\/vdkf-ev.de\/web\/site\/index.php\/wp-json\/wp\/v2\/pages\/63\/revisions"}],"predecessor-version":[{"id":1428,"href":"https:\/\/vdkf-ev.de\/web\/site\/index.php\/wp-json\/wp\/v2\/pages\/63\/revisions\/1428"}],"wp:attachment":[{"href":"https:\/\/vdkf-ev.de\/web\/site\/index.php\/wp-json\/wp\/v2\/media?parent=63"}],"curies":[{"name":"wp","href":"https:\/\/api.w.org\/{rel}","templated":true}]}}