{"id":69,"date":"2015-02-02T10:50:35","date_gmt":"2015-02-02T10:50:35","guid":{"rendered":"http:\/\/cms.vdkf-ev.de\/cms\/?page_id=69"},"modified":"2016-05-21T10:51:06","modified_gmt":"2016-05-21T08:51:06","slug":"links","status":"publish","type":"page","link":"https:\/\/vdkf-ev.de\/web\/site\/index.php\/links\/","title":{"rendered":"Links"},"content":{"rendered":"<table width=\"679\">\n<tbody>\n<tr>\n<td colspan=\"2\" width=\"358\">\n<ul>\n<li>Links zu anderen f\u00fcr den Kokereibereich interessanten Internet-Sites ergeben sich \u00fcber das Auswahlmen\u00fc am linken Bildrand.<\/li>\n<li>Wir w\u00fcrden uns freuen, wenn wir von Ihnen Informationen \u00fcber nicht mehr aktuelle Links erhalten.<\/li>\n<li>F\u00fcr Hinweise auf andere Links, die f\u00fcr den Koker von Interesse sein k\u00f6nnten, w\u00e4ren wir Ihnen <a href=\"mailto:Michael.Hein@vdkf-ev.de\">dankbar<\/a>.<\/li>\n<\/ul>\n<p>&nbsp;<\/td>\n<td colspan=\"2\" width=\"321\">\u00a0<img loading=\"lazy\" decoding=\"async\" src=\"https:\/\/www.vdkf-ev.de\/upload\/images\/2009_2_7_21_11_21\/image001.jpg\" alt=\"\" width=\"237\" height=\"158\" border=\"0\" \/><\/td>\n<\/tr>\n<tr>\n<td width=\"167\">\u00a0<img loading=\"lazy\" decoding=\"async\" src=\"https:\/\/www.vdkf-ev.de\/upload\/images\/2009_2_7_21_11_21\/image002.jpg\" alt=\"\" width=\"149\" height=\"99\" border=\"0\" \/><\/td>\n<td width=\"167\">\u00a0<img loading=\"lazy\" decoding=\"async\" src=\"https:\/\/www.vdkf-ev.de\/upload\/images\/2009_2_7_21_11_21\/image003.jpg\" alt=\"\" width=\"148\" height=\"99\" border=\"0\" \/><\/td>\n<td width=\"172\">\u00a0<img loading=\"lazy\" decoding=\"async\" src=\"https:\/\/www.vdkf-ev.de\/upload\/images\/2009_2_7_21_11_21\/image004.jpg\" alt=\"\" width=\"148\" height=\"99\" border=\"0\" \/><\/td>\n<td width=\"172\">\u00a0<img loading=\"lazy\" decoding=\"async\" src=\"https:\/\/www.vdkf-ev.de\/upload\/images\/2009_2_7_21_11_21\/image005.jpg\" alt=\"\" width=\"149\" height=\"99\" border=\"0\" \/><\/td>\n<\/tr>\n<tr>\n<td width=\"166\"><\/td>\n<td width=\"178\"><\/td>\n<td width=\"167\"><\/td>\n<td width=\"168\"><\/td>\n<\/tr>\n<\/tbody>\n<\/table>\n<p>Impressionen von der ehemaligen <a href=\"http:\/\/www.industriedenkmal-stiftung.de\/docs\/397089226433_de.php\">Kokerei Zollverein<\/a><\/p>\n","protected":false},"excerpt":{"rendered":"<p>Links zu anderen f\u00fcr den Kokereibereich interessanten Internet-Sites ergeben sich \u00fcber das Auswahlmen\u00fc am linken Bildrand. Wir w\u00fcrden uns freuen, wenn wir von Ihnen Informationen \u00fcber nicht mehr aktuelle Links erhalten. F\u00fcr Hinweise auf andere Links, die f\u00fcr den Koker von Interesse sein k\u00f6nnten, w\u00e4ren wir Ihnen dankbar. &nbsp; \u00a0 \u00a0 \u00a0 \u00a0 \u00a0 Impressionen &#8230; <a title=\"Links\" class=\"read-more\" href=\"https:\/\/vdkf-ev.de\/web\/site\/index.php\/links\/\" aria-label=\"Mehr Informationen \u00fcber Links\">Weiterlesen<\/a><\/p>\n","protected":false},"author":1,"featured_media":0,"parent":0,"menu_order":0,"comment_status":"closed","ping_status":"open","template":"","meta":{"footnotes":""},"class_list":["post-69","page","type-page","status-publish"],"_links":{"self":[{"href":"https:\/\/vdkf-ev.de\/web\/site\/index.php\/wp-json\/wp\/v2\/pages\/69"}],"collection":[{"href":"https:\/\/vdkf-ev.de\/web\/site\/index.php\/wp-json\/wp\/v2\/pages"}],"about":[{"href":"https:\/\/vdkf-ev.de\/web\/site\/index.php\/wp-json\/wp\/v2\/types\/page"}],"author":[{"embeddable":true,"href":"https:\/\/vdkf-ev.de\/web\/site\/index.php\/wp-json\/wp\/v2\/users\/1"}],"replies":[{"embeddable":true,"href":"https:\/\/vdkf-ev.de\/web\/site\/index.php\/wp-json\/wp\/v2\/comments?post=69"}],"version-history":[{"count":0,"href":"https:\/\/vdkf-ev.de\/web\/site\/index.php\/wp-json\/wp\/v2\/pages\/69\/revisions"}],"wp:attachment":[{"href":"https:\/\/vdkf-ev.de\/web\/site\/index.php\/wp-json\/wp\/v2\/media?parent=69"}],"curies":[{"name":"wp","href":"https:\/\/api.w.org\/{rel}","templated":true}]}}