{"id":71,"date":"2015-02-02T10:50:53","date_gmt":"2015-02-02T10:50:53","guid":{"rendered":"http:\/\/cms.vdkf-ev.de\/cms\/?page_id=71"},"modified":"2019-08-31T07:57:22","modified_gmt":"2019-08-31T05:57:22","slug":"firmen-unternehmen","status":"publish","type":"page","link":"https:\/\/vdkf-ev.de\/web\/site\/index.php\/firmen-unternehmen\/","title":{"rendered":"Firmen, Unternehmen"},"content":{"rendered":"<p><strong>Firmen-Mitglieder im VDKF e.V.<\/strong><\/p>\n<ul>\n<li><a href=\"https:\/\/bremen.arcelormittal.com\/Ueber-uns\/ArcelorMittal-Bottrop\/\"><strong>ArcelorMittal Bottrop GmbH<\/strong><\/a><\/li>\n<li><strong><a href=\"http:\/\/www.beka-feuerfest.de\/\">Beck und Kaltheuner<\/a><br \/>\n<\/strong><\/li>\n<li><strong><a href=\"http:\/\/www.eurolase.com\/accueil-en.php\">EUROLASE S.A.<\/a><br \/>\n<\/strong><\/li>\n<li><a href=\"https:\/\/www.fibs-international.lu\/\"><strong>fib services S.A<\/strong><\/a><\/li>\n<li><strong><a href=\"http:\/\/ww.fosbel.com\">Fosbel<\/a><\/strong><\/li>\n<li><strong><a href=\"http:\/\/www.kid-bot.de\/\">KID<\/a><br \/>\n<\/strong><\/li>\n<li><a href=\"https:\/\/knoellinger.de\/de\/startseite.html\"><strong>Kn\u00f6llinger Keramische Verschlei\u00dfteile GmbH<\/strong><\/a><\/li>\n<li><strong><a href=\"https:\/\/www.kuettner.com\/de\/explore\">K\u00fcttner GmbH &amp; Co. KG<\/a><br \/>\n<\/strong><\/li>\n<li><strong><a href=\"http:\/\/www.paulwurth.com\/The-Group\/International-Presence\/Europe\/PAUL-WURTH-DEUTSCHLAND-GmbH\">Paul Wurth<\/a><br \/>\n<\/strong><\/li>\n<li><strong><a href=\"https:\/\/www.pd-refractories.com\/website\/de\/unternehmen\/standorte\/p-d_refractories_gmbh_dr__c__otto.php\">P-D Refractories Dr. C. Otto<\/a><br \/>\n<\/strong><\/li>\n<li><strong><a href=\"https:\/\/www.psi.de\/de\/home\/\">PSI Business Technology<\/a><br \/>\n<\/strong><\/li>\n<li><strong><a href=\"https:\/\/www.rwth-aachen.de\/\">RWTH Aachen<\/a><br \/>\n<\/strong><\/li>\n<li><strong><a href=\"http:\/\/ruetgers-group.com\/\">R\u00fctgers Chemicals<\/a><br \/>\n<\/strong><\/li>\n<li><a href=\"http:\/\/www.regeniter.de\/\"><strong>Stahlbau Regeniter<\/strong><\/a><\/li>\n<li><strong><a href=\"https:\/\/www.tu-clausthal.de\/\">TU Clausthal<\/a><br \/>\n<\/strong><\/li>\n<li><a href=\"https:\/\/www.thyssenkrupp-industrial-solutions.com\/\"><strong>ThyssenKrupp Industrial Solutions<\/strong><\/a><\/li>\n<li><a href=\"https:\/\/www.thyssenkrupp-industrial-solutions.com\/de\/produkte-und-services\/service\"><strong>Uhde Services<\/strong><\/a><\/li>\n<\/ul>\n<p>&nbsp;<\/p>\n<p><strong>Im Kokereibereich t\u00e4tige Unternehmen<\/strong><\/p>\n<ul>\n<li><strong><a href=\"http:\/\/www.alc.be\/alc\/Default.aspx?Lang=de&amp;Page=atelier+produit+porte\">ALC-Koksofent\u00fcren<\/a><\/strong><\/li>\n<li><strong><a href=\"http:\/\/www.arsol-aromatics.de\/Startseite.html\">Arsol-Aromatics<\/a><\/strong><\/li>\n<li><strong><a href=\"http:\/\/www.biprostal.com.pl\/en\/\">Biprostal (PL)<\/a><\/strong><\/li>\n<li><strong><a href=\"http:\/\/www.carbolite.com\/index.asp\">Carbolite-\u00d6fen<\/a><\/strong><\/li>\n<li><strong><a href=\"http:\/\/www.cpmarienau.com\/\">Centre de Pyrolyse de Marienau<\/a><br \/>\n<\/strong><\/li>\n<li><strong><a href=\"http:\/\/www.coketec.com\/\">CokeTec<\/a><\/strong><\/li>\n<li><strong><a href=\"http:\/\/www.danieli-corus.com\/\">Danieli-Corus<\/a><\/strong><\/li>\n<li><strong><a href=\"http:\/\/www.dmt.de\/\">DMT GmbH &amp; Co. KG<\/a><\/strong><\/li>\n<li><strong><a href=\"http:\/\/www.dinas.com.ua\/history.php\">Dinas-Silica-Bricks<\/a><a href=\"http:\/\/www.dmt.de\/\"><br \/>\n<\/a><\/strong><\/li>\n<li><strong><a href=\"http:\/\/www.hbdengineers.com\/\">Giprokoks<br \/>\n<\/a><\/strong><\/li>\n<li><strong><a href=\"http:\/\/www.hbdengineers.com\/\">HBD Engineers<\/a><\/strong><\/li>\n<li><strong><a href=\"http:\/\/www.hksys.de\/cms16\/index.php\/modelle-simulationen-und-branchenloesungen\/\">HKS Industrial IT Solutions \/ Cokemaking technologies<\/a><\/strong><\/li>\n<li><strong><a href=\"http:\/\/www.hutniprojekt.cz\/article.php?id=1&amp;lng=2\">Hutni Projekt (CZ)<\/a><\/strong><\/li>\n<li><strong><a href=\"http:\/\/www.jukokecarbon.eu\/1.html\">JUKoke&amp;Carbon UG<br \/>\n<\/a><\/strong><\/li>\n<li><strong><a href=\"http:\/\/www.kiro-nathaus.de\/\">Kiro Nathaus<\/a><\/strong><\/li>\n<li><strong><a href=\"http:\/\/www.incar.csic.es\/\">Incar (ESP)<\/a><\/strong><\/li>\n<li><strong><a href=\"http:\/\/www.ichpw.zabrze.pl\/?setlang=en\">Institute for Chemical Processing of\u00a0Coal<\/a><\/strong><\/li>\n<li><strong><a href=\"http:\/\/www.koksoprojekt.pl\/\">Koksoprojekt<\/a><\/strong><\/li>\n<li><strong><a href=\"http:\/\/www.mvta.tu-berlin.de\/\">Lehrstuhl f. Mechanische Verfahrenstechnik<\/a><\/strong><\/li>\n<li><strong><a href=\"http:\/\/www.novocos.com\/\">NovoCOS<br \/>\n<\/a><\/strong><\/li>\n<li><strong><a href=\"http:\/\/www.piecbud.pl\/\">Piecbud-Ofenbau (PL)<\/a><\/strong><\/li>\n<li><strong><a href=\"http:\/\/www.procomco.de\/\">Procomco<\/a><\/strong><\/li>\n<li><strong><a href=\"http:\/\/www.industry.siemens.com\/metals\/en\/processes\/mp_proc_02_02.htm?node=1855\">Siemens VAI<br \/>\n<\/a><\/strong><\/li>\n<li><strong><a href=\"http:\/\/www.suncoke.com\/index.php\">SunCoke<\/a><\/strong><\/li>\n<li><strong><a href=\"http:\/\/www.tto.cz\/baterie_eng.html\">Teplotechna Ostrava<\/a><\/strong><\/li>\n<li><strong><a href=\"http:\/\/www.vecon-online.de\/index.html\">Vecon<\/a><\/strong><\/li>\n<\/ul>\n<p>&nbsp;<\/p>\n<p><strong>Kokereibetreiber<br \/>\n<\/strong><strong>(s.a. unter Firmen-Mitglieder)<br \/>\n<\/strong><\/p>\n<ul>\n<li><strong><a href=\"https:\/\/www.arcelormittal.com\">ArcelorMittal<\/a><\/strong><\/li>\n<li><strong><a href=\"http:\/\/www.cst.com.br\/index.asp\">CST ArcelorMittal Brazil<\/a><\/strong><\/li>\n<li><strong><a href=\"http:\/\/www.dillinger.de\/dh\/index.shtml.de\">Dillinger H\u00fctte<\/a><\/strong><\/li>\n<li><strong><a href=\"http:\/\/www.hkm.de\/\">HKM<\/a><\/strong><\/li>\n<li><strong><a href=\"http:\/\/www.illawarracoke.com.au\/\">Illawarra Coke Company (AUS)<\/a><\/strong><\/li>\n<li><strong><a href=\"http:\/\/www.rivagroup.com\/\">ILVA<\/a><\/strong><\/li>\n<li><strong><a href=\"http:\/\/www.przyjazn.com.pl\/DE\/Lmenu.html\">Koksownia Przyjazn<\/a><\/strong><\/li>\n<li><strong><a href=\"http:\/\/www.koksovny.cz\/en\">OKK Koksovny a.s.<\/a><\/strong><\/li>\n<li><strong><a href=\"http:\/\/www.salzgitter-flachstahl.de\/de\/Ueber_uns\/Produktionsanlagen\/Kokerei\/\">Salzgitter Flachstahl AG<\/a><\/strong><\/li>\n<li><strong><a href=\"http:\/\/www.thyssenkrupp.de\/\">ThyssenKrupp Stahl AG<\/a><\/strong><\/li>\n<li><strong><a href=\"http:\/\/www.thyssenkrupp-steel.com\/csa\/de\/\">ThyssenKrupp Steel Brasilien<\/a><\/strong><\/li>\n<\/ul>\n","protected":false},"excerpt":{"rendered":"<p>Firmen-Mitglieder im VDKF e.V. ArcelorMittal Bottrop GmbH Beck und Kaltheuner EUROLASE S.A. fib services S.A Fosbel KID Kn\u00f6llinger Keramische Verschlei\u00dfteile GmbH K\u00fcttner GmbH &amp; Co. KG Paul Wurth P-D Refractories Dr. C. Otto PSI Business Technology RWTH Aachen R\u00fctgers Chemicals Stahlbau Regeniter TU Clausthal ThyssenKrupp Industrial Solutions Uhde Services &nbsp; Im Kokereibereich t\u00e4tige Unternehmen ALC-Koksofent\u00fcren &#8230; <a title=\"Firmen, Unternehmen\" class=\"read-more\" href=\"https:\/\/vdkf-ev.de\/web\/site\/index.php\/firmen-unternehmen\/\" aria-label=\"Mehr Informationen \u00fcber Firmen, Unternehmen\">Weiterlesen<\/a><\/p>\n","protected":false},"author":1,"featured_media":0,"parent":0,"menu_order":0,"comment_status":"closed","ping_status":"open","template":"","meta":{"footnotes":""},"class_list":["post-71","page","type-page","status-publish"],"_links":{"self":[{"href":"https:\/\/vdkf-ev.de\/web\/site\/index.php\/wp-json\/wp\/v2\/pages\/71"}],"collection":[{"href":"https:\/\/vdkf-ev.de\/web\/site\/index.php\/wp-json\/wp\/v2\/pages"}],"about":[{"href":"https:\/\/vdkf-ev.de\/web\/site\/index.php\/wp-json\/wp\/v2\/types\/page"}],"author":[{"embeddable":true,"href":"https:\/\/vdkf-ev.de\/web\/site\/index.php\/wp-json\/wp\/v2\/users\/1"}],"replies":[{"embeddable":true,"href":"https:\/\/vdkf-ev.de\/web\/site\/index.php\/wp-json\/wp\/v2\/comments?post=71"}],"version-history":[{"count":0,"href":"https:\/\/vdkf-ev.de\/web\/site\/index.php\/wp-json\/wp\/v2\/pages\/71\/revisions"}],"wp:attachment":[{"href":"https:\/\/vdkf-ev.de\/web\/site\/index.php\/wp-json\/wp\/v2\/media?parent=71"}],"curies":[{"name":"wp","href":"https:\/\/api.w.org\/{rel}","templated":true}]}}