{"id":719,"date":"2017-05-19T11:19:02","date_gmt":"2017-05-19T09:19:02","guid":{"rendered":"http:\/\/web.vdkf-ev.de\/site\/?page_id=719"},"modified":"2017-05-19T11:22:05","modified_gmt":"2017-05-19T09:22:05","slug":"laudatio-yves-herrmann","status":"publish","type":"page","link":"https:\/\/vdkf-ev.de\/web\/site\/index.php\/laudatio-yves-herrmann\/","title":{"rendered":"Laudatio Yves Herrmann"},"content":{"rendered":"<p>Der Vorstand des Vereins Deutscher Kokereifachleute e.V. und die Jury zur Verleihung der Koker-Medaille haben einstimmig beschlossen, die<\/p>\n<p><strong>Koker-Medaille 2017<\/strong><\/p>\n<p><strong>Herrn Dipl.-Ing. Yves Herrmann<\/strong><\/p>\n<p>aus Saint Avold (Frankreich) zu verleihen.<\/p>\n<p>Mit der Auszeichnung sollen die besonderen Leistungen von Herrn Herrmann f\u00fcr die Kokereiwirtschaften in Deutschland und Frankreich gew\u00fcrdigt werden, insbesondere sein pers\u00f6nliches Engagement f\u00fcr den Erfahrungsaustausch unter den europ\u00e4ischen Kokern.<\/p>\n<p>Yves Herrmann wurde am 24.12.1954 in Frankreich, geboren. Nach dem Schulabschluss begann er das Studium des Maschinenbaus an der Ecole Centrale Nantes, das er 1978 mit dem Diplom erfolgreich abschloss.<\/p>\n<p>Von 1980 bis 1982 war Herr Herrmann als Ingenieur bei dem heutigen Centre Pyrolyse de Marienau in Forbach, Frankreich, t\u00e4tig. 1982 trat er als Ingenieur in den Betrieb der zum Lothringer Bergbau (HBL Houill\u00e8res du Bassin de Lorraine) geh\u00f6renden Kokerei Marienau ein und war dort f\u00fcr die Kohlevorbereitung und den Ofenbetrieb verantwortlich. Nach Schlie\u00dfung der Anlage im Jahr 1986 wechselte er auf die benachbarte Kokerei Carling und war dort zun\u00e4chst in gleicher Funktion t\u00e4tig. Vom Jahr 1991 an \u00fcbernahm er die Leitung des Qualit\u00e4tsmanagements auf der Kokerei und wurde von der Betriebsleitung mit Sonderaufgaben betraut. Im Jahr 2004 wurde er dann selbst Betriebschef der Kokerei Carling.<\/p>\n<p>Nach \u00dcbernahme der Kokerei Carling durch die Roheisengesellschaft Saar (Rogesa) im Jahr 2004 wurde die Zusammenarbeit mit der Zentralkokerei Saar intensiviert. Die deutschen und franz\u00f6sischen Kollegen konnten sich aneinander gew\u00f6hnen, und so war es auch nur folgerichtig, dass Herr Herrmann im Jahr 2007 zus\u00e4tzlich zu seinen Aufgaben in Carling zum Nachfolger von Hans J\u00fcrgen Killich als Leiter der Kokerei ZKS in Dillingen berufen wurde. Es ist seiner hohen Fachkompetenz, aber vielleicht sogar noch in weit h\u00f6herem Ma\u00dfe seinem kollegialen-freundschaftlichen Verhalten zuzuschreiben, dass er auf der ZKS sofort auf Vertrauen stie\u00df, und es zu einer produktiven Zusammenarbeit mit den deutschen Kollegen kam. Denn die war unbedingt erforderlich, da Bau und Inbetriebnahme der sanierten Batterien der ZKS anstanden. Es ist das Verdienst von Yves Herrmann, dass diese Aufgaben reibungslos vonstattengingen.<\/p>\n<p>Sein besonderes Herz hing sicherlich an der Kokerei Carling, die im Jahr 2009 geschlossen werden musste. Bis zu seinem Ausscheiden aus dem aktiven Dienst Ende M\u00e4rz 2016 war Yves Herrmann in leitender Funktion bei der Cokerie de Carling SAS noch f\u00fcr den R\u00fcckbau der Kokerei Carling verantwortlich.<\/p>\n<p>Yves Herrmann war den Kokern in Deutschland und Europa stets pers\u00f6nlich und freundschaftlich eng verbunden. Er war Mitglied des Fachausschusses Kokereien des VDEh &#8211; vormals Deutscher Kokereiausschuss &#8211; und in Frankreich Mitglied des Coke Committees der fr\u00fcheren Association technique de la sid\u00e9rurgie (ATS). \u00dcber viele Jahre war er auch Mitglied des Europ\u00e4ischen Kokereiausschusses. Wegen seiner vielseitigen Sprachkenntnisse konnte er unter den europ\u00e4ischen Kokern mit deren unterschiedlichen Interessen h\u00e4ufig als Br\u00fcckenbauer fungieren, wobei sich seine pers\u00f6nliche Integrit\u00e4t und Verbindlichkeit f\u00f6rdernd auf das Miteinander auswirkten.<\/p>\n<p>Sein Denken \u00fcber die nationalen Grenzen hinaus ist sicher auch einem seiner vielen Hobby geschuldet, denen er jetzt im Ruhestand noch intensiver nachgehen kann: Yves Herrmann hat den Pilotschein f\u00fcr verschiedene Flugzeugtypen \u2013 eine Leidenschaft, die auf seinen Milit\u00e4rdienst zur\u00fcckgeht, den er als Offizier der Luftwaffe beendete. Sein buchst\u00e4blich grenzenloses Wirken f\u00fcr die Kokereiwirtschaften in Deutschland und Frankreich ist deswegen vielleicht auch von der Luftfahrt gepr\u00e4gt, die als \u201egrenzenlose Freiheit \u00fcber den Wolken\u201c schon vor Jahren von Reinhard Mey besungen wurde.<\/p>\n<p>Der Verein deutscher Kokereifachleute ehrt heute mit Herrn Diplom-Ingenieur Yves Herrmann einen hervorragenden Kokereifachmann, dessen Name mit der Entwicklung der Kokereitechnik in Carling in Frankreich und der Modernisierung der Zentralkokerei Saar in Dillingen verbunden sein wird. \u00dcber die Grenzen Frankreichs hinaus werden sich seine Kokereikollegen gern an ihn und seine offene und freundschaftliche Art erinnern.<\/p>\n","protected":false},"excerpt":{"rendered":"<p>Der Vorstand des Vereins Deutscher Kokereifachleute e.V. und die Jury zur Verleihung der Koker-Medaille haben einstimmig beschlossen, die Koker-Medaille 2017 Herrn Dipl.-Ing. Yves Herrmann aus Saint Avold (Frankreich) zu verleihen. Mit der Auszeichnung sollen die besonderen Leistungen von Herrn Herrmann f\u00fcr die Kokereiwirtschaften in Deutschland und Frankreich gew\u00fcrdigt werden, insbesondere sein pers\u00f6nliches Engagement f\u00fcr den &#8230; <a title=\"Laudatio Yves Herrmann\" class=\"read-more\" href=\"https:\/\/vdkf-ev.de\/web\/site\/index.php\/laudatio-yves-herrmann\/\" aria-label=\"Mehr Informationen \u00fcber Laudatio Yves Herrmann\">Weiterlesen<\/a><\/p>\n","protected":false},"author":1,"featured_media":0,"parent":0,"menu_order":0,"comment_status":"closed","ping_status":"closed","template":"","meta":{"footnotes":""},"class_list":["post-719","page","type-page","status-publish"],"_links":{"self":[{"href":"https:\/\/vdkf-ev.de\/web\/site\/index.php\/wp-json\/wp\/v2\/pages\/719"}],"collection":[{"href":"https:\/\/vdkf-ev.de\/web\/site\/index.php\/wp-json\/wp\/v2\/pages"}],"about":[{"href":"https:\/\/vdkf-ev.de\/web\/site\/index.php\/wp-json\/wp\/v2\/types\/page"}],"author":[{"embeddable":true,"href":"https:\/\/vdkf-ev.de\/web\/site\/index.php\/wp-json\/wp\/v2\/users\/1"}],"replies":[{"embeddable":true,"href":"https:\/\/vdkf-ev.de\/web\/site\/index.php\/wp-json\/wp\/v2\/comments?post=719"}],"version-history":[{"count":0,"href":"https:\/\/vdkf-ev.de\/web\/site\/index.php\/wp-json\/wp\/v2\/pages\/719\/revisions"}],"wp:attachment":[{"href":"https:\/\/vdkf-ev.de\/web\/site\/index.php\/wp-json\/wp\/v2\/media?parent=719"}],"curies":[{"name":"wp","href":"https:\/\/api.w.org\/{rel}","templated":true}]}}